{"id":1851,"date":"2021-08-26T18:30:24","date_gmt":"2021-08-26T18:30:24","guid":{"rendered":"https:\/\/jocecia.com\/portal\/?page_id=1851"},"modified":"2021-08-26T19:32:16","modified_gmt":"2021-08-26T19:32:16","slug":"pernos-para-la-construccion","status":"publish","type":"page","link":"https:\/\/jocecia.com\/portal\/pernos-para-la-construccion\/","title":{"rendered":"Pernos Para La Construcci\u00f3n"},"content":{"rendered":"<!--themify_builder_content-->\n<div id=\"themify_builder_content-1851\" data-postid=\"1851\" class=\"themify_builder_content themify_builder_content-1851 themify_builder tf_clear\">\n    \t<!-- module_row -->\n\t<div  data-css_id=\"8xcq842\" data-lazy=\"1\" class=\"module_row themify_builder_row fullwidth_row_container tb_8xcq842 tb_first tf_clearfix\" >\n\t    \t\t<div class=\"row_inner col_align_bottom gutter-none col_auto_height direction-rtl tf_box tf_w tf_rel\"  data-desktop_dir=\"rtl\" data-tablet_dir=\"rtl\" data-tablet_landscape_dir=\"rtl\" data-basecol=\"1\" data-col_mobile=\"column-full\">\n\t\t\t<div  data-lazy=\"1\" class=\"module_column tb-column col-full first tb_eezz842 tf_box\">\n\t    \t    \t        <div class=\"tb-column-inner tf_box tf_w\">\n\t\t    \t<div  data-lazy=\"1\" class=\"module_subrow themify_builder_sub_row tb_70gf842 tf_w tf_clearfix\">\n\t    \t\t<div class=\"subrow_inner gutter-none col_align_middle tf_box tf_w\"  data-basecol=\"2\" data-col_tablet=\"column4-2\" data-col_tablet_landscape=\"column4-2\" data-col_mobile=\"column-full\">\n\t\t\t<div  data-lazy=\"1\" class=\"sub_column module_column tf_box col2-1 first tb_qlmj842\"> \n\t    \t    \t        <div class=\"tb-column-inner tf_box tf_w\">\n\t\t    <!-- module image -->\n<div  class=\"module module-image tb_qseq842   image-center tf_mw\" data-lazy=\"1\" data-lax=\"true\" data-lax-anchor=\"self\" data-lax-optimize=\"true\" data-lax-translate-y=\"(vh*0.7) 0,(vh*0) -70\" data-lax-v-speed=\"1\" data-lax-no-op=\"true\">\n        <div class=\"image-wrap tf_rel tf_mw\">\n\t\t    <img loading=\"lazy\" src=\"https:\/\/jocecia.com\/portal\/wp-content\/uploads\/2021\/08\/mechanical-engineering-2993233_1920-1-1024x683-600x400.jpg\" width=\"600\" height=\"400\" class=\"wp-post-image wp-image-1816\" title=\"mechanical-engineering-2993233_1920 (1)\" alt=\"mechanical-engineering-2993233_1920 (1)\" srcset=\"https:\/\/jocecia.com\/portal\/wp-content\/uploads\/2021\/08\/mechanical-engineering-2993233_1920-1-1024x683-600x400.jpg 600w, https:\/\/jocecia.com\/portal\/wp-content\/uploads\/2021\/08\/mechanical-engineering-2993233_1920-1-300x200.jpg 300w, https:\/\/jocecia.com\/portal\/wp-content\/uploads\/2021\/08\/mechanical-engineering-2993233_1920-1-1024x683.jpg 1024w, https:\/\/jocecia.com\/portal\/wp-content\/uploads\/2021\/08\/mechanical-engineering-2993233_1920-1-768x512.jpg 768w, https:\/\/jocecia.com\/portal\/wp-content\/uploads\/2021\/08\/mechanical-engineering-2993233_1920-1-1536x1024.jpg 1536w, https:\/\/jocecia.com\/portal\/wp-content\/uploads\/2021\/08\/mechanical-engineering-2993233_1920-1-250x167.jpg 250w, https:\/\/jocecia.com\/portal\/wp-content\/uploads\/2021\/08\/mechanical-engineering-2993233_1920-1-550x367.jpg 550w, https:\/\/jocecia.com\/portal\/wp-content\/uploads\/2021\/08\/mechanical-engineering-2993233_1920-1-800x533.jpg 800w, https:\/\/jocecia.com\/portal\/wp-content\/uploads\/2021\/08\/mechanical-engineering-2993233_1920-1-270x180.jpg 270w, https:\/\/jocecia.com\/portal\/wp-content\/uploads\/2021\/08\/mechanical-engineering-2993233_1920-1-450x300.jpg 450w, https:\/\/jocecia.com\/portal\/wp-content\/uploads\/2021\/08\/mechanical-engineering-2993233_1920-1-750x500.jpg 750w, https:\/\/jocecia.com\/portal\/wp-content\/uploads\/2021\/08\/mechanical-engineering-2993233_1920-1.jpg 1920w\" sizes=\"(max-width: 600px) 100vw, 600px\" \/>\t\n\t\t<\/div>\n\t<!-- \/image-wrap -->\n    \n    \t<\/div>\n<!-- \/module image -->\t        <\/div>\n\t    \t<\/div>\n\t\t<div  data-lazy=\"1\" class=\"sub_column module_column tf_box col2-1 last tb_raau842\"> \n\t    \t    \t        <div class=\"tb-column-inner tf_box tf_w\">\n\t\t    <!-- module text -->\n<div  class=\"module module-text tb_h2r6842  repeat \" data-lazy=\"1\">\n        <div  class=\"tb_text_wrap\">\n    <h3>\u00bfQU\u00c9 ES?<\/h3>\n<p><span style=\"color: #000000;\">Los tipos m\u00e1s comunes son pernos hexagonales, anclajes tipo \u201cL\u201d, \u201cJ\u201d, \u201cV\u201d, esp\u00e1rragos y varillas roscadas. Las normas m\u00e1s usuales con las que se fabrican son ASTM A325, ASTM A490 y ASTM A193 B7 y para sus accesorios ASTM A563, ASTM A194 y ASTM F436.<\/span><\/p>    <\/div>\n<\/div>\n<!-- \/module text -->\t        <\/div>\n\t    \t<\/div>\n\t\t    <\/div>\n\t<\/div><!-- \/themify_builder_sub_row -->\n\t\t<div  data-lazy=\"1\" class=\"module_subrow themify_builder_sub_row tb_zlab842 tf_w tf_clearfix\">\n\t    \t\t<div class=\"subrow_inner gutter-none col_align_middle tf_box tf_w\"  data-basecol=\"2\" data-col_tablet=\"column4-2\" data-col_tablet_landscape=\"column4-2\">\n\t\t\t<div  data-lazy=\"1\" class=\"sub_column module_column tf_box col2-1 first tb_6ddj842\"> \n\t    \t    \t        <div class=\"tb-column-inner tf_box tf_w\">\n\t\t    <!-- module text -->\n<div  class=\"module module-text tb_bvkg842  repeat \" data-lazy=\"1\">\n        <div  class=\"tb_text_wrap\">\n    <h3>CLASIFICACI\u00d3N<\/h3>\n<ul>\n<li>\n<ul>\n<li><span style=\"color: #000000;\">Pulgadas<\/span>\n<ul>\n<li><span style=\"color: #000000;\">Perno hexagonal UNC Gr 8<\/span><\/li>\n<li><span style=\"color: #000000;\">Perno hexagonal UNF Gr 8<\/span><\/li>\n<\/ul>\n<\/li>\n<\/ul>\n<p>\u00a0<\/p>\n<ul>\n<li><span style=\"color: #000000;\">Milim\u00e9tricas<\/span>\n<ul>\n<li><span style=\"color: #000000;\">Perno hexagonal RC 10.9<\/span><\/li>\n<li><span style=\"color: #000000;\">Perno hexagonal RF 10.9<\/span><\/li>\n<li><span style=\"color: #000000;\">Perno hexagonal REF 10.9<\/span><\/li>\n<\/ul>\n<\/li>\n<\/ul>\n<p>\u00a0<\/p>\n<ul>\n<li><span style=\"color: #000000;\">SmartBolts<\/span>\n<ul>\n<li><span style=\"color: #000000;\">Pernos SmartBolts indicadores de tensi\u00f3n<\/span><\/li>\n<\/ul>\n<\/li>\n<\/ul>\n<\/li>\n<\/ul>    <\/div>\n<\/div>\n<!-- \/module text -->\t        <\/div>\n\t    \t<\/div>\n\t\t<div  data-lazy=\"1\" class=\"sub_column module_column tf_box col2-1 last tb_gp7b842\"> \n\t    \t    \t        <div class=\"tb-column-inner tf_box tf_w\">\n\t\t    <!-- module image -->\n<div  class=\"module module-image tb_hljv842   image-center tf_mw\" data-lazy=\"1\" data-lax=\"true\" data-lax-anchor=\"self\" data-lax-optimize=\"true\" data-lax-translate-y=\"(vh*0.7) 0,(vh*0) -70\" data-lax-v-speed=\"1\" data-lax-no-op=\"true\">\n        <div class=\"image-wrap tf_rel tf_mw\">\n\t\t    <img loading=\"lazy\" src=\"https:\/\/jocecia.com\/portal\/wp-content\/uploads\/2021\/08\/steel-3418761_1920-1024x767-400x299.jpg\" width=\"400\" height=\"299\" class=\"wp-post-image wp-image-1817\" title=\"steel-3418761_1920\" alt=\"steel-3418761_1920\" srcset=\"https:\/\/jocecia.com\/portal\/wp-content\/uploads\/2021\/08\/steel-3418761_1920-1024x767-400x299.jpg 400w, https:\/\/jocecia.com\/portal\/wp-content\/uploads\/2021\/08\/steel-3418761_1920-300x225.jpg 300w, https:\/\/jocecia.com\/portal\/wp-content\/uploads\/2021\/08\/steel-3418761_1920-1024x767.jpg 1024w, https:\/\/jocecia.com\/portal\/wp-content\/uploads\/2021\/08\/steel-3418761_1920-768x576.jpg 768w, https:\/\/jocecia.com\/portal\/wp-content\/uploads\/2021\/08\/steel-3418761_1920-1536x1151.jpg 1536w, https:\/\/jocecia.com\/portal\/wp-content\/uploads\/2021\/08\/steel-3418761_1920-250x187.jpg 250w, https:\/\/jocecia.com\/portal\/wp-content\/uploads\/2021\/08\/steel-3418761_1920-550x412.jpg 550w, https:\/\/jocecia.com\/portal\/wp-content\/uploads\/2021\/08\/steel-3418761_1920-800x600.jpg 800w, https:\/\/jocecia.com\/portal\/wp-content\/uploads\/2021\/08\/steel-3418761_1920-240x180.jpg 240w, https:\/\/jocecia.com\/portal\/wp-content\/uploads\/2021\/08\/steel-3418761_1920-667x500.jpg 667w, https:\/\/jocecia.com\/portal\/wp-content\/uploads\/2021\/08\/steel-3418761_1920.jpg 1920w\" sizes=\"(max-width: 400px) 100vw, 400px\" \/>\t\n\t\t<\/div>\n\t<!-- \/image-wrap -->\n    \n    \t<\/div>\n<!-- \/module image -->\t        <\/div>\n\t    \t<\/div>\n\t\t    <\/div>\n\t<\/div><!-- \/themify_builder_sub_row -->\n\t\t        <\/div>\n\t    \t<\/div>\n\t\t    <\/div>\n\t    <!-- \/row_inner -->\n\t<\/div>\n\t<!-- \/module_row -->\n\t\t<!-- module_row -->\n\t<div  data-lazy=\"1\" class=\"module_row themify_builder_row tb_w0i8551 tf_clearfix\">\n\t    \t\t<div class=\"row_inner col_align_top tf_box tf_w tf_rel\">\n\t\t\t<div  data-lazy=\"1\" class=\"module_column tb-column col-full first tb_2t2u553 tf_box\">\n\t    \t    \t        <div class=\"tb-column-inner tf_box tf_w\">\n\t\t    <!-- module text -->\n<div  class=\"module module-text tb_b8n498   \" data-lazy=\"1\">\n        <div  class=\"tb_text_wrap\">\n    <p style=\"text-align: center;\"><span style=\"color: #000000;\">La tecnolog\u00eda DTI mide el alargamiento del perno y traduce esta medida en una indicaci\u00f3n visual. En la imagen pod\u00e9is ver a qu\u00e9 nos referimos. Esta se\u00f1al nos advierte, en tiempo real y con precisi\u00f3n, de la tensi\u00f3n del perno.<\/span><\/p>\n<p style=\"text-align: center;\"><span style=\"color: #000000;\">Indica la tensi\u00f3n a medida que se instalan los pernos y tambi\u00e9n despu\u00e9s de la instalaci\u00f3n. El indicador rojo se va oscureciendo a medida que se va apretando el sujetador, pasando paulatinamente a color negro. Si la abrazadera de la junta perdiera fuerza con la puesta en marcha de la m\u00e1quina este indicador se volver\u00eda a ver rojo.<\/span><\/p>    <\/div>\n<\/div>\n<!-- \/module text -->\t        <\/div>\n\t    \t<\/div>\n\t\t    <\/div>\n\t    <!-- \/row_inner -->\n\t<\/div>\n\t<!-- \/module_row -->\n\t<\/div>\n<!--\/themify_builder_content-->","protected":false},"excerpt":{"rendered":"<p>\u00bfQU\u00c9 ES? Los tipos m\u00e1s comunes son pernos hexagonales, anclajes tipo \u201cL\u201d, \u201cJ\u201d, \u201cV\u201d, esp\u00e1rragos y varillas roscadas. Las normas m\u00e1s usuales con las que se fabrican son ASTM A325, ASTM A490 y ASTM A193 B7 y para sus accesorios ASTM A563, ASTM A194 y ASTM F436.<\/p>\n","protected":false},"author":3,"featured_media":0,"parent":0,"menu_order":0,"comment_status":"closed","ping_status":"closed","template":"","meta":{"bgseo_title":"","bgseo_description":"","bgseo_robots_index":"","bgseo_robots_follow":""},"builder_content":"<img loading=\"lazy\" src=\"https:\/\/jocecia.com\/portal\/wp-content\/uploads\/2021\/08\/mechanical-engineering-2993233_1920-1-1024x683-600x400.jpg\" width=\"600\" height=\"400\" title=\"mechanical-engineering-2993233_1920 (1)\" alt=\"mechanical-engineering-2993233_1920 (1)\" srcset=\"https:\/\/jocecia.com\/portal\/wp-content\/uploads\/2021\/08\/mechanical-engineering-2993233_1920-1-1024x683-600x400.jpg 600w, https:\/\/jocecia.com\/portal\/wp-content\/uploads\/2021\/08\/mechanical-engineering-2993233_1920-1-300x200.jpg 300w, https:\/\/jocecia.com\/portal\/wp-content\/uploads\/2021\/08\/mechanical-engineering-2993233_1920-1-1024x683.jpg 1024w, https:\/\/jocecia.com\/portal\/wp-content\/uploads\/2021\/08\/mechanical-engineering-2993233_1920-1-768x512.jpg 768w, https:\/\/jocecia.com\/portal\/wp-content\/uploads\/2021\/08\/mechanical-engineering-2993233_1920-1-1536x1024.jpg 1536w, https:\/\/jocecia.com\/portal\/wp-content\/uploads\/2021\/08\/mechanical-engineering-2993233_1920-1-250x167.jpg 250w, https:\/\/jocecia.com\/portal\/wp-content\/uploads\/2021\/08\/mechanical-engineering-2993233_1920-1-550x367.jpg 550w, https:\/\/jocecia.com\/portal\/wp-content\/uploads\/2021\/08\/mechanical-engineering-2993233_1920-1-800x533.jpg 800w, https:\/\/jocecia.com\/portal\/wp-content\/uploads\/2021\/08\/mechanical-engineering-2993233_1920-1-270x180.jpg 270w, https:\/\/jocecia.com\/portal\/wp-content\/uploads\/2021\/08\/mechanical-engineering-2993233_1920-1-450x300.jpg 450w, https:\/\/jocecia.com\/portal\/wp-content\/uploads\/2021\/08\/mechanical-engineering-2993233_1920-1-750x500.jpg 750w, https:\/\/jocecia.com\/portal\/wp-content\/uploads\/2021\/08\/mechanical-engineering-2993233_1920-1.jpg 1920w\" sizes=\"(max-width: 600px) 100vw, 600px\" \/>\n<h3>\u00bfQU\u00c9 ES?<\/h3> <p>Los tipos m\u00e1s comunes son pernos hexagonales, anclajes tipo \u201cL\u201d, \u201cJ\u201d, \u201cV\u201d, esp\u00e1rragos y varillas roscadas. Las normas m\u00e1s usuales con las que se fabrican son ASTM A325, ASTM A490 y ASTM A193 B7 y para sus accesorios ASTM A563, ASTM A194 y ASTM F436.<\/p>\n<h3>CLASIFICACI\u00d3N<\/h3> <ul> <li> <ul> <li>Pulgadas <ul> <li>Perno hexagonal UNC Gr 8<\/li> <li>Perno hexagonal UNF Gr 8<\/li> <\/ul> <\/li> <\/ul> <p>\u00a0<\/p> <ul> <li>Milim\u00e9tricas <ul> <li>Perno hexagonal RC 10.9<\/li> <li>Perno hexagonal RF 10.9<\/li> <li>Perno hexagonal REF 10.9<\/li> <\/ul> <\/li> <\/ul> <p>\u00a0<\/p> <ul> <li>SmartBolts <ul> <li>Pernos SmartBolts indicadores de tensi\u00f3n<\/li> <\/ul> <\/li> <\/ul> <\/li> <\/ul>\n<img loading=\"lazy\" src=\"https:\/\/jocecia.com\/portal\/wp-content\/uploads\/2021\/08\/steel-3418761_1920-1024x767-400x299.jpg\" width=\"400\" height=\"299\" title=\"steel-3418761_1920\" alt=\"steel-3418761_1920\" srcset=\"https:\/\/jocecia.com\/portal\/wp-content\/uploads\/2021\/08\/steel-3418761_1920-1024x767-400x299.jpg 400w, https:\/\/jocecia.com\/portal\/wp-content\/uploads\/2021\/08\/steel-3418761_1920-300x225.jpg 300w, https:\/\/jocecia.com\/portal\/wp-content\/uploads\/2021\/08\/steel-3418761_1920-1024x767.jpg 1024w, https:\/\/jocecia.com\/portal\/wp-content\/uploads\/2021\/08\/steel-3418761_1920-768x576.jpg 768w, https:\/\/jocecia.com\/portal\/wp-content\/uploads\/2021\/08\/steel-3418761_1920-1536x1151.jpg 1536w, https:\/\/jocecia.com\/portal\/wp-content\/uploads\/2021\/08\/steel-3418761_1920-250x187.jpg 250w, https:\/\/jocecia.com\/portal\/wp-content\/uploads\/2021\/08\/steel-3418761_1920-550x412.jpg 550w, https:\/\/jocecia.com\/portal\/wp-content\/uploads\/2021\/08\/steel-3418761_1920-800x600.jpg 800w, https:\/\/jocecia.com\/portal\/wp-content\/uploads\/2021\/08\/steel-3418761_1920-240x180.jpg 240w, https:\/\/jocecia.com\/portal\/wp-content\/uploads\/2021\/08\/steel-3418761_1920-667x500.jpg 667w, https:\/\/jocecia.com\/portal\/wp-content\/uploads\/2021\/08\/steel-3418761_1920.jpg 1920w\" sizes=\"(max-width: 400px) 100vw, 400px\" \/>\n<p style=\"text-align: center;\">La tecnolog\u00eda DTI mide el alargamiento del perno y traduce esta medida en una indicaci\u00f3n visual. En la imagen pod\u00e9is ver a qu\u00e9 nos referimos. Esta se\u00f1al nos advierte, en tiempo real y con precisi\u00f3n, de la tensi\u00f3n del perno.<\/p> <p style=\"text-align: center;\">Indica la tensi\u00f3n a medida que se instalan los pernos y tambi\u00e9n despu\u00e9s de la instalaci\u00f3n. El indicador rojo se va oscureciendo a medida que se va apretando el sujetador, pasando paulatinamente a color negro. Si la abrazadera de la junta perdiera fuerza con la puesta en marcha de la m\u00e1quina este indicador se volver\u00eda a ver rojo.<\/p>","_links":{"self":[{"href":"https:\/\/jocecia.com\/portal\/wp-json\/wp\/v2\/pages\/1851"}],"collection":[{"href":"https:\/\/jocecia.com\/portal\/wp-json\/wp\/v2\/pages"}],"about":[{"href":"https:\/\/jocecia.com\/portal\/wp-json\/wp\/v2\/types\/page"}],"author":[{"embeddable":true,"href":"https:\/\/jocecia.com\/portal\/wp-json\/wp\/v2\/users\/3"}],"replies":[{"embeddable":true,"href":"https:\/\/jocecia.com\/portal\/wp-json\/wp\/v2\/comments?post=1851"}],"version-history":[{"count":2,"href":"https:\/\/jocecia.com\/portal\/wp-json\/wp\/v2\/pages\/1851\/revisions"}],"predecessor-version":[{"id":1853,"href":"https:\/\/jocecia.com\/portal\/wp-json\/wp\/v2\/pages\/1851\/revisions\/1853"}],"wp:attachment":[{"href":"https:\/\/jocecia.com\/portal\/wp-json\/wp\/v2\/media?parent=1851"}],"curies":[{"name":"wp","href":"https:\/\/api.w.org\/{rel}","templated":true}]}}