{"id":1855,"date":"2021-08-26T18:35:40","date_gmt":"2021-08-26T18:35:40","guid":{"rendered":"https:\/\/jocecia.com\/portal\/?page_id=1855"},"modified":"2021-08-26T19:31:59","modified_gmt":"2021-08-26T19:31:59","slug":"tuercas-estandares-y-especiales","status":"publish","type":"page","link":"https:\/\/jocecia.com\/portal\/tuercas-estandares-y-especiales\/","title":{"rendered":"Tuercas Est\u00e1ndares Y Especiales"},"content":{"rendered":"<!--themify_builder_content-->\n<div id=\"themify_builder_content-1855\" data-postid=\"1855\" class=\"themify_builder_content themify_builder_content-1855 themify_builder tf_clear\">\n    \t<!-- module_row -->\n\t<div  data-css_id=\"8xcq842\" data-lazy=\"1\" class=\"module_row themify_builder_row fullwidth_row_container tb_8xcq842 tb_first tf_clearfix\" >\n\t    \t\t<div class=\"row_inner col_align_bottom gutter-none col_auto_height direction-rtl tf_box tf_w tf_rel\"  data-desktop_dir=\"rtl\" data-tablet_dir=\"rtl\" data-tablet_landscape_dir=\"rtl\" data-basecol=\"1\" data-col_mobile=\"column-full\">\n\t\t\t<div  data-lazy=\"1\" class=\"module_column tb-column col-full first tb_eezz842 tf_box\">\n\t    \t    \t        <div class=\"tb-column-inner tf_box tf_w\">\n\t\t    \t<div  data-lazy=\"1\" class=\"module_subrow themify_builder_sub_row tb_70gf842 tf_w tf_clearfix\">\n\t    \t\t<div class=\"subrow_inner gutter-none col_align_middle tf_box tf_w\"  data-basecol=\"2\" data-col_tablet=\"column4-2\" data-col_tablet_landscape=\"column4-2\" data-col_mobile=\"column-full\">\n\t\t\t<div  data-lazy=\"1\" class=\"sub_column module_column tf_box col2-1 first tb_qlmj842\"> \n\t    \t    \t        <div class=\"tb-column-inner tf_box tf_w\">\n\t\t    <!-- module image -->\n<div  class=\"module module-image tb_qseq842   image-center tf_mw\" data-lazy=\"1\" data-lax=\"true\" data-lax-anchor=\"self\" data-lax-optimize=\"true\" data-lax-translate-y=\"(vh*0.7) 0,(vh*0) -70\" data-lax-v-speed=\"1\" data-lax-no-op=\"true\">\n        <div class=\"image-wrap tf_rel tf_mw\">\n\t\t    <img loading=\"lazy\" src=\"https:\/\/jocecia.com\/portal\/wp-content\/uploads\/2021\/08\/mechanical-engineering-2993233_1920-1-1024x683-600x400.jpg\" width=\"600\" height=\"400\" class=\"wp-post-image wp-image-1816\" title=\"mechanical-engineering-2993233_1920 (1)\" alt=\"mechanical-engineering-2993233_1920 (1)\" srcset=\"https:\/\/jocecia.com\/portal\/wp-content\/uploads\/2021\/08\/mechanical-engineering-2993233_1920-1-1024x683-600x400.jpg 600w, https:\/\/jocecia.com\/portal\/wp-content\/uploads\/2021\/08\/mechanical-engineering-2993233_1920-1-300x200.jpg 300w, https:\/\/jocecia.com\/portal\/wp-content\/uploads\/2021\/08\/mechanical-engineering-2993233_1920-1-1024x683.jpg 1024w, https:\/\/jocecia.com\/portal\/wp-content\/uploads\/2021\/08\/mechanical-engineering-2993233_1920-1-768x512.jpg 768w, https:\/\/jocecia.com\/portal\/wp-content\/uploads\/2021\/08\/mechanical-engineering-2993233_1920-1-1536x1024.jpg 1536w, https:\/\/jocecia.com\/portal\/wp-content\/uploads\/2021\/08\/mechanical-engineering-2993233_1920-1-250x167.jpg 250w, https:\/\/jocecia.com\/portal\/wp-content\/uploads\/2021\/08\/mechanical-engineering-2993233_1920-1-550x367.jpg 550w, https:\/\/jocecia.com\/portal\/wp-content\/uploads\/2021\/08\/mechanical-engineering-2993233_1920-1-800x533.jpg 800w, https:\/\/jocecia.com\/portal\/wp-content\/uploads\/2021\/08\/mechanical-engineering-2993233_1920-1-270x180.jpg 270w, https:\/\/jocecia.com\/portal\/wp-content\/uploads\/2021\/08\/mechanical-engineering-2993233_1920-1-450x300.jpg 450w, https:\/\/jocecia.com\/portal\/wp-content\/uploads\/2021\/08\/mechanical-engineering-2993233_1920-1-750x500.jpg 750w, https:\/\/jocecia.com\/portal\/wp-content\/uploads\/2021\/08\/mechanical-engineering-2993233_1920-1.jpg 1920w\" sizes=\"(max-width: 600px) 100vw, 600px\" \/>\t\n\t\t<\/div>\n\t<!-- \/image-wrap -->\n    \n    \t<\/div>\n<!-- \/module image -->\t        <\/div>\n\t    \t<\/div>\n\t\t<div  data-lazy=\"1\" class=\"sub_column module_column tf_box col2-1 last tb_raau842\"> \n\t    \t    \t        <div class=\"tb-column-inner tf_box tf_w\">\n\t\t    <!-- module text -->\n<div  class=\"module module-text tb_h2r6842  repeat \" data-lazy=\"1\">\n        <div  class=\"tb_text_wrap\">\n    <h3>\u00bfQU\u00c9 ES?<\/h3>\n<p><span style=\"color: #000000;\">Una tuerca es una pieza mec\u00e1nica con un orificio central, el cual presenta una rosca, que se utiliza para acoplar a un perno, en forma fija o deslizante. La tuerca permite sujetar y fijar uniones de elementos desmontables. En ocasiones puede agregarse una arandela para que la uni\u00f3n cierre mejor y quede fija. La tuerca siempre debe tener las mismas caracter\u00edsticas geom\u00e9tricas del perno con el que se acopla, por lo que est\u00e1 normalizada seg\u00fan los sistemas generales de roscas. Las tuercas se aprietan generalmente con llaves de boca fija, adaptadas a las dimensiones de sus caras. Cuando se requiere un par de apriete muy exacto se utiliza una llave dinamom\u00e9trica. En los montajes industriales se utilizan para el apriete r\u00e1pido herramientas neum\u00e1ticas. Para apretar tuercas no es aconsejable utilizar tubos o palancas porque se puede romper el tornillo o deteriorarse la rosca. Pueden ser hexagonales, cuadradas, c\u00f3nicas de seguridad, castillo, contratuercas (chatas), altas o especiales.<\/span><\/p>    <\/div>\n<\/div>\n<!-- \/module text -->\t        <\/div>\n\t    \t<\/div>\n\t\t    <\/div>\n\t<\/div><!-- \/themify_builder_sub_row -->\n\t\t<div  data-lazy=\"1\" class=\"module_subrow themify_builder_sub_row tb_zlab842 tf_w tf_clearfix\">\n\t    \t\t<div class=\"subrow_inner gutter-none col_align_middle tf_box tf_w\"  data-basecol=\"2\" data-col_tablet=\"column4-2\" data-col_tablet_landscape=\"column4-2\">\n\t\t\t<div  data-lazy=\"1\" class=\"sub_column module_column tf_box col2-1 first tb_6ddj842\"> \n\t    \t    \t        <div class=\"tb-column-inner tf_box tf_w\">\n\t\t    <!-- module text -->\n<div  class=\"module module-text tb_bvkg842  repeat \" data-lazy=\"1\">\n        <div  class=\"tb_text_wrap\">\n    <h3>CLASIFICACI\u00d3N TUERCAS EST\u00c1NDARES<br><br><\/h3>\n<ul>\n<li><span style=\"color: #000000;\">Pulgadas<\/span>\n<ul>\n<li><span style=\"color: #000000;\">Tuerca hexagonal UNC Gr 8<\/span><\/li>\n<li><span style=\"color: #000000;\">Tuerca hexagonal UNF Gr 8<\/span><\/li>\n<\/ul>\n<\/li>\n<\/ul>\n<ul>\n<li><span style=\"color: #000000;\">Milim\u00e9tricas<\/span>\n<ul>\n<li><span style=\"color: #000000;\">Tuerca hexagonal RC Clase 10<\/span><\/li>\n<li><span style=\"color: #000000;\">Tuerca hexagonal RF Clase 10<\/span><\/li>\n<li><span style=\"color: #000000;\">Tuerca hexagonal REF Clase 10<\/span><\/li>\n<\/ul>\n<\/li>\n<\/ul>\n<h3><br>CLASIFICACI\u00d3N TUERCAS ESPECIALES<br><br><\/h3>\n<ul>\n<li><span style=\"color: #000000;\">Tuercas castillo<\/span><\/li>\n<li><span style=\"color: #000000;\">Tuercas ranuradas<\/span><\/li>\n<li><span style=\"color: #000000;\">Tuercas altas<\/span><\/li>\n<li><span style=\"color: #000000;\">Tuercas mu\u00f1\u00f3n<\/span><\/li>\n<li><span style=\"color: #000000;\">Tuercas de funda<\/span><\/li>\n<li><span style=\"color: #000000;\">Tuerca artillera<\/span><\/li>\n<li><span style=\"color: #000000;\">Tuerca Aro de Magnesio<\/span><\/li>\n<li><span style=\"color: #000000;\">Tuerca cuadrada pesada<\/span><\/li>\n<li><span style=\"color: #000000;\">Tuercas alta resistencia c\/seguro antivibratorio<\/span><\/li>\n<li><span style=\"color: #000000;\">C. Bolt<\/span><\/li>\n<\/ul>    <\/div>\n<\/div>\n<!-- \/module text -->\t        <\/div>\n\t    \t<\/div>\n\t\t<div  data-lazy=\"1\" class=\"sub_column module_column tf_box col2-1 last tb_gp7b842\"> \n\t    \t    \t        <div class=\"tb-column-inner tf_box tf_w\">\n\t\t    <!-- module image -->\n<div  class=\"module module-image tb_hljv842   image-center tf_mw\" data-lazy=\"1\" data-lax=\"true\" data-lax-anchor=\"self\" data-lax-optimize=\"true\" data-lax-translate-y=\"(vh*0.7) 0,(vh*0) -70\" data-lax-v-speed=\"1\" data-lax-no-op=\"true\">\n        <div class=\"image-wrap tf_rel tf_mw\">\n\t\t    <img loading=\"lazy\" src=\"https:\/\/jocecia.com\/portal\/wp-content\/uploads\/2021\/08\/steel-3418761_1920-1024x767-400x299.jpg\" width=\"400\" height=\"299\" class=\"wp-post-image wp-image-1817\" title=\"steel-3418761_1920\" alt=\"steel-3418761_1920\" srcset=\"https:\/\/jocecia.com\/portal\/wp-content\/uploads\/2021\/08\/steel-3418761_1920-1024x767-400x299.jpg 400w, https:\/\/jocecia.com\/portal\/wp-content\/uploads\/2021\/08\/steel-3418761_1920-300x225.jpg 300w, https:\/\/jocecia.com\/portal\/wp-content\/uploads\/2021\/08\/steel-3418761_1920-1024x767.jpg 1024w, https:\/\/jocecia.com\/portal\/wp-content\/uploads\/2021\/08\/steel-3418761_1920-768x576.jpg 768w, https:\/\/jocecia.com\/portal\/wp-content\/uploads\/2021\/08\/steel-3418761_1920-1536x1151.jpg 1536w, https:\/\/jocecia.com\/portal\/wp-content\/uploads\/2021\/08\/steel-3418761_1920-250x187.jpg 250w, https:\/\/jocecia.com\/portal\/wp-content\/uploads\/2021\/08\/steel-3418761_1920-550x412.jpg 550w, https:\/\/jocecia.com\/portal\/wp-content\/uploads\/2021\/08\/steel-3418761_1920-800x600.jpg 800w, https:\/\/jocecia.com\/portal\/wp-content\/uploads\/2021\/08\/steel-3418761_1920-240x180.jpg 240w, https:\/\/jocecia.com\/portal\/wp-content\/uploads\/2021\/08\/steel-3418761_1920-667x500.jpg 667w, https:\/\/jocecia.com\/portal\/wp-content\/uploads\/2021\/08\/steel-3418761_1920.jpg 1920w\" sizes=\"(max-width: 400px) 100vw, 400px\" \/>\t\n\t\t<\/div>\n\t<!-- \/image-wrap -->\n    \n    \t<\/div>\n<!-- \/module image -->\t        <\/div>\n\t    \t<\/div>\n\t\t    <\/div>\n\t<\/div><!-- \/themify_builder_sub_row -->\n\t\t        <\/div>\n\t    \t<\/div>\n\t\t    <\/div>\n\t    <!-- \/row_inner -->\n\t<\/div>\n\t<!-- \/module_row -->\n\t\t<!-- module_row -->\n\t<div  data-lazy=\"1\" class=\"module_row themify_builder_row tb_qltq975 tf_clearfix\">\n\t    \t\t<div class=\"row_inner col_align_top tf_box tf_w tf_rel\">\n\t\t\t<div  data-lazy=\"1\" class=\"module_column tb-column col-full first tb_tg3p977 tf_box\">\n\t    \t    \t        <div class=\"tb-column-inner tf_box tf_w\">\n\t\t    <!-- module text -->\n<div  class=\"module module-text tb_4s9z969   \" data-lazy=\"1\">\n        <div  class=\"tb_text_wrap\">\n    <p style=\"text-align: center;\"><span style=\"color: #000000;\">Los pernos de control de tensi\u00f3n y el innovador sistema de llave de corte son el m\u00e9todo de menor costo para instalar pernos precargados o de agarre de fricci\u00f3n de alta resistencia (HSFG).<\/span><\/p>\n<p style=\"text-align: center;\"><span style=\"color: #000000;\">Los TCB, como se les conoce com\u00fanmente en todo el mundo, est\u00e1n reemplazando los pernos de agarre de fricci\u00f3n de alta resistencia convencionales y los remaches de collar estampados simplemente porque son r\u00e1pidos y f\u00e1ciles de instalar utilizando llaves de cizalla el\u00e9ctricas livianas.\u00a0La tensi\u00f3n garantizada junto con la inspecci\u00f3n visual elimina la probabilidad de error del operador y asegura a los ingenieros que las conexiones est\u00e9n apretadas de acuerdo con las especificaciones.<\/span><\/p>    <\/div>\n<\/div>\n<!-- \/module text -->\t        <\/div>\n\t    \t<\/div>\n\t\t    <\/div>\n\t    <!-- \/row_inner -->\n\t<\/div>\n\t<!-- \/module_row -->\n\t<\/div>\n<!--\/themify_builder_content-->","protected":false},"excerpt":{"rendered":"<p>\u00bfQU\u00c9 ES? Una tuerca es una pieza mec\u00e1nica con un orificio central, el cual presenta una rosca, que se utiliza para acoplar a un perno, en forma fija o deslizante. La tuerca permite sujetar y fijar uniones de elementos desmontables. En ocasiones puede agregarse una arandela para que la uni\u00f3n cierre mejor y quede fija. [&hellip;]<\/p>\n","protected":false},"author":3,"featured_media":0,"parent":0,"menu_order":0,"comment_status":"closed","ping_status":"closed","template":"","meta":{"bgseo_title":"","bgseo_description":"","bgseo_robots_index":"","bgseo_robots_follow":""},"builder_content":"<img loading=\"lazy\" src=\"https:\/\/jocecia.com\/portal\/wp-content\/uploads\/2021\/08\/mechanical-engineering-2993233_1920-1-1024x683-600x400.jpg\" width=\"600\" height=\"400\" title=\"mechanical-engineering-2993233_1920 (1)\" alt=\"mechanical-engineering-2993233_1920 (1)\" srcset=\"https:\/\/jocecia.com\/portal\/wp-content\/uploads\/2021\/08\/mechanical-engineering-2993233_1920-1-1024x683-600x400.jpg 600w, https:\/\/jocecia.com\/portal\/wp-content\/uploads\/2021\/08\/mechanical-engineering-2993233_1920-1-300x200.jpg 300w, https:\/\/jocecia.com\/portal\/wp-content\/uploads\/2021\/08\/mechanical-engineering-2993233_1920-1-1024x683.jpg 1024w, https:\/\/jocecia.com\/portal\/wp-content\/uploads\/2021\/08\/mechanical-engineering-2993233_1920-1-768x512.jpg 768w, https:\/\/jocecia.com\/portal\/wp-content\/uploads\/2021\/08\/mechanical-engineering-2993233_1920-1-1536x1024.jpg 1536w, https:\/\/jocecia.com\/portal\/wp-content\/uploads\/2021\/08\/mechanical-engineering-2993233_1920-1-250x167.jpg 250w, https:\/\/jocecia.com\/portal\/wp-content\/uploads\/2021\/08\/mechanical-engineering-2993233_1920-1-550x367.jpg 550w, https:\/\/jocecia.com\/portal\/wp-content\/uploads\/2021\/08\/mechanical-engineering-2993233_1920-1-800x533.jpg 800w, https:\/\/jocecia.com\/portal\/wp-content\/uploads\/2021\/08\/mechanical-engineering-2993233_1920-1-270x180.jpg 270w, https:\/\/jocecia.com\/portal\/wp-content\/uploads\/2021\/08\/mechanical-engineering-2993233_1920-1-450x300.jpg 450w, https:\/\/jocecia.com\/portal\/wp-content\/uploads\/2021\/08\/mechanical-engineering-2993233_1920-1-750x500.jpg 750w, https:\/\/jocecia.com\/portal\/wp-content\/uploads\/2021\/08\/mechanical-engineering-2993233_1920-1.jpg 1920w\" sizes=\"(max-width: 600px) 100vw, 600px\" \/>\n<h3>\u00bfQU\u00c9 ES?<\/h3> <p>Una tuerca es una pieza mec\u00e1nica con un orificio central, el cual presenta una rosca, que se utiliza para acoplar a un perno, en forma fija o deslizante. La tuerca permite sujetar y fijar uniones de elementos desmontables. En ocasiones puede agregarse una arandela para que la uni\u00f3n cierre mejor y quede fija. La tuerca siempre debe tener las mismas caracter\u00edsticas geom\u00e9tricas del perno con el que se acopla, por lo que est\u00e1 normalizada seg\u00fan los sistemas generales de roscas. Las tuercas se aprietan generalmente con llaves de boca fija, adaptadas a las dimensiones de sus caras. Cuando se requiere un par de apriete muy exacto se utiliza una llave dinamom\u00e9trica. En los montajes industriales se utilizan para el apriete r\u00e1pido herramientas neum\u00e1ticas. Para apretar tuercas no es aconsejable utilizar tubos o palancas porque se puede romper el tornillo o deteriorarse la rosca. Pueden ser hexagonales, cuadradas, c\u00f3nicas de seguridad, castillo, contratuercas (chatas), altas o especiales.<\/p>\n<h3>CLASIFICACI\u00d3N TUERCAS EST\u00c1NDARES<br><br><\/h3> <ul> <li>Pulgadas <ul> <li>Tuerca hexagonal UNC Gr 8<\/li> <li>Tuerca hexagonal UNF Gr 8<\/li> <\/ul> <\/li> <\/ul> <ul> <li>Milim\u00e9tricas <ul> <li>Tuerca hexagonal RC Clase 10<\/li> <li>Tuerca hexagonal RF Clase 10<\/li> <li>Tuerca hexagonal REF Clase 10<\/li> <\/ul> <\/li> <\/ul> <h3><br>CLASIFICACI\u00d3N TUERCAS ESPECIALES<br><br><\/h3> <ul> <li>Tuercas castillo<\/li> <li>Tuercas ranuradas<\/li> <li>Tuercas altas<\/li> <li>Tuercas mu\u00f1\u00f3n<\/li> <li>Tuercas de funda<\/li> <li>Tuerca artillera<\/li> <li>Tuerca Aro de Magnesio<\/li> <li>Tuerca cuadrada pesada<\/li> <li>Tuercas alta resistencia c\/seguro antivibratorio<\/li> <li>C. Bolt<\/li> <\/ul>\n<img loading=\"lazy\" src=\"https:\/\/jocecia.com\/portal\/wp-content\/uploads\/2021\/08\/steel-3418761_1920-1024x767-400x299.jpg\" width=\"400\" height=\"299\" title=\"steel-3418761_1920\" alt=\"steel-3418761_1920\" srcset=\"https:\/\/jocecia.com\/portal\/wp-content\/uploads\/2021\/08\/steel-3418761_1920-1024x767-400x299.jpg 400w, https:\/\/jocecia.com\/portal\/wp-content\/uploads\/2021\/08\/steel-3418761_1920-300x225.jpg 300w, https:\/\/jocecia.com\/portal\/wp-content\/uploads\/2021\/08\/steel-3418761_1920-1024x767.jpg 1024w, https:\/\/jocecia.com\/portal\/wp-content\/uploads\/2021\/08\/steel-3418761_1920-768x576.jpg 768w, https:\/\/jocecia.com\/portal\/wp-content\/uploads\/2021\/08\/steel-3418761_1920-1536x1151.jpg 1536w, https:\/\/jocecia.com\/portal\/wp-content\/uploads\/2021\/08\/steel-3418761_1920-250x187.jpg 250w, https:\/\/jocecia.com\/portal\/wp-content\/uploads\/2021\/08\/steel-3418761_1920-550x412.jpg 550w, https:\/\/jocecia.com\/portal\/wp-content\/uploads\/2021\/08\/steel-3418761_1920-800x600.jpg 800w, https:\/\/jocecia.com\/portal\/wp-content\/uploads\/2021\/08\/steel-3418761_1920-240x180.jpg 240w, https:\/\/jocecia.com\/portal\/wp-content\/uploads\/2021\/08\/steel-3418761_1920-667x500.jpg 667w, https:\/\/jocecia.com\/portal\/wp-content\/uploads\/2021\/08\/steel-3418761_1920.jpg 1920w\" sizes=\"(max-width: 400px) 100vw, 400px\" \/>\n<p style=\"text-align: center;\">Los pernos de control de tensi\u00f3n y el innovador sistema de llave de corte son el m\u00e9todo de menor costo para instalar pernos precargados o de agarre de fricci\u00f3n de alta resistencia (HSFG).<\/p> <p style=\"text-align: center;\">Los TCB, como se les conoce com\u00fanmente en todo el mundo, est\u00e1n reemplazando los pernos de agarre de fricci\u00f3n de alta resistencia convencionales y los remaches de collar estampados simplemente porque son r\u00e1pidos y f\u00e1ciles de instalar utilizando llaves de cizalla el\u00e9ctricas livianas.\u00a0La tensi\u00f3n garantizada junto con la inspecci\u00f3n visual elimina la probabilidad de error del operador y asegura a los ingenieros que las conexiones est\u00e9n apretadas de acuerdo con las especificaciones.<\/p>","_links":{"self":[{"href":"https:\/\/jocecia.com\/portal\/wp-json\/wp\/v2\/pages\/1855"}],"collection":[{"href":"https:\/\/jocecia.com\/portal\/wp-json\/wp\/v2\/pages"}],"about":[{"href":"https:\/\/jocecia.com\/portal\/wp-json\/wp\/v2\/types\/page"}],"author":[{"embeddable":true,"href":"https:\/\/jocecia.com\/portal\/wp-json\/wp\/v2\/users\/3"}],"replies":[{"embeddable":true,"href":"https:\/\/jocecia.com\/portal\/wp-json\/wp\/v2\/comments?post=1855"}],"version-history":[{"count":6,"href":"https:\/\/jocecia.com\/portal\/wp-json\/wp\/v2\/pages\/1855\/revisions"}],"predecessor-version":[{"id":1891,"href":"https:\/\/jocecia.com\/portal\/wp-json\/wp\/v2\/pages\/1855\/revisions\/1891"}],"wp:attachment":[{"href":"https:\/\/jocecia.com\/portal\/wp-json\/wp\/v2\/media?parent=1855"}],"curies":[{"name":"wp","href":"https:\/\/api.w.org\/{rel}","templated":true}]}}