{"id":1864,"date":"2021-08-26T18:43:04","date_gmt":"2021-08-26T18:43:04","guid":{"rendered":"https:\/\/jocecia.com\/portal\/?page_id=1864"},"modified":"2021-08-26T19:31:31","modified_gmt":"2021-08-26T19:31:31","slug":"arandelas-estandares-y-especiales","status":"publish","type":"page","link":"https:\/\/jocecia.com\/portal\/arandelas-estandares-y-especiales\/","title":{"rendered":"Arandelas Est\u00e1ndares Y Especiales"},"content":{"rendered":"<!--themify_builder_content-->\n<div id=\"themify_builder_content-1864\" data-postid=\"1864\" class=\"themify_builder_content themify_builder_content-1864 themify_builder tf_clear\">\n    \t<!-- module_row -->\n\t<div  data-css_id=\"8xcq842\" data-lazy=\"1\" class=\"module_row themify_builder_row fullwidth_row_container tb_8xcq842 tb_first tf_clearfix\" >\n\t    \t\t<div class=\"row_inner col_align_bottom gutter-none col_auto_height direction-rtl tf_box tf_w tf_rel\"  data-desktop_dir=\"rtl\" data-tablet_dir=\"rtl\" data-tablet_landscape_dir=\"rtl\" data-basecol=\"1\" data-col_mobile=\"column-full\">\n\t\t\t<div  data-lazy=\"1\" class=\"module_column tb-column col-full first tb_eezz842 tf_box\">\n\t    \t    \t        <div class=\"tb-column-inner tf_box tf_w\">\n\t\t    \t<div  data-lazy=\"1\" class=\"module_subrow themify_builder_sub_row tb_70gf842 tf_w tf_clearfix\">\n\t    \t\t<div class=\"subrow_inner gutter-none col_align_middle tf_box tf_w\"  data-basecol=\"2\" data-col_tablet=\"column4-2\" data-col_tablet_landscape=\"column4-2\" data-col_mobile=\"column-full\">\n\t\t\t<div  data-lazy=\"1\" class=\"sub_column module_column tf_box col2-1 first tb_qlmj842\"> \n\t    \t    \t        <div class=\"tb-column-inner tf_box tf_w\">\n\t\t    <!-- module image -->\n<div  class=\"module module-image tb_qseq842   image-center tf_mw\" data-lazy=\"1\" data-lax=\"true\" data-lax-anchor=\"self\" data-lax-optimize=\"true\" data-lax-translate-y=\"(vh*0.7) 0,(vh*0) -70\" data-lax-v-speed=\"1\" data-lax-no-op=\"true\">\n        <div class=\"image-wrap tf_rel tf_mw\">\n\t\t    <img loading=\"lazy\" src=\"https:\/\/jocecia.com\/portal\/wp-content\/uploads\/2021\/08\/mechanical-engineering-2993233_1920-1-1024x683-600x400.jpg\" width=\"600\" height=\"400\" class=\"wp-post-image wp-image-1816\" title=\"mechanical-engineering-2993233_1920 (1)\" alt=\"mechanical-engineering-2993233_1920 (1)\" srcset=\"https:\/\/jocecia.com\/portal\/wp-content\/uploads\/2021\/08\/mechanical-engineering-2993233_1920-1-1024x683-600x400.jpg 600w, https:\/\/jocecia.com\/portal\/wp-content\/uploads\/2021\/08\/mechanical-engineering-2993233_1920-1-300x200.jpg 300w, https:\/\/jocecia.com\/portal\/wp-content\/uploads\/2021\/08\/mechanical-engineering-2993233_1920-1-1024x683.jpg 1024w, https:\/\/jocecia.com\/portal\/wp-content\/uploads\/2021\/08\/mechanical-engineering-2993233_1920-1-768x512.jpg 768w, https:\/\/jocecia.com\/portal\/wp-content\/uploads\/2021\/08\/mechanical-engineering-2993233_1920-1-1536x1024.jpg 1536w, https:\/\/jocecia.com\/portal\/wp-content\/uploads\/2021\/08\/mechanical-engineering-2993233_1920-1-250x167.jpg 250w, https:\/\/jocecia.com\/portal\/wp-content\/uploads\/2021\/08\/mechanical-engineering-2993233_1920-1-550x367.jpg 550w, https:\/\/jocecia.com\/portal\/wp-content\/uploads\/2021\/08\/mechanical-engineering-2993233_1920-1-800x533.jpg 800w, https:\/\/jocecia.com\/portal\/wp-content\/uploads\/2021\/08\/mechanical-engineering-2993233_1920-1-270x180.jpg 270w, https:\/\/jocecia.com\/portal\/wp-content\/uploads\/2021\/08\/mechanical-engineering-2993233_1920-1-450x300.jpg 450w, https:\/\/jocecia.com\/portal\/wp-content\/uploads\/2021\/08\/mechanical-engineering-2993233_1920-1-750x500.jpg 750w, https:\/\/jocecia.com\/portal\/wp-content\/uploads\/2021\/08\/mechanical-engineering-2993233_1920-1.jpg 1920w\" sizes=\"(max-width: 600px) 100vw, 600px\" \/>\t\n\t\t<\/div>\n\t<!-- \/image-wrap -->\n    \n    \t<\/div>\n<!-- \/module image -->\t        <\/div>\n\t    \t<\/div>\n\t\t<div  data-lazy=\"1\" class=\"sub_column module_column tf_box col2-1 last tb_raau842\"> \n\t    \t    \t        <div class=\"tb-column-inner tf_box tf_w\">\n\t\t    <!-- module text -->\n<div  class=\"module module-text tb_h2r6842  repeat \" data-lazy=\"1\">\n        <div  class=\"tb_text_wrap\">\n    <h3>\u00bfQU\u00c9 ES?<\/h3>\n<p><span style=\"color: #000000;\">Una arandela es un elemento de montaje con forma de disco delgado con un agujero usualmente en el centro (corona circular), siendo su uso m\u00e1s frecuente el sentar tuercas y cabezas de tornillos.\u200b Usualmente se utilizan para soportar una carga de apriete. Entre otros usos pueden estar el de espaciador, de resorte, dispositivo indicador de precarga y como dispositivo de seguro. Tambi\u00e9n existen arandelas de estrella, con dientes internos y externos. Las arandelas normalmente son de metal o de jebe\/nitrilo. Los tornillos con cabezas de alta calidad requieren de arandelas de alg\u00fan metal duro para prevenir la p\u00e9rdida de precarga una vez que el par de apriete es aplicado. Los sellos de hule o fibra usados en tapas y juntas para evitar la fuga de l\u00edquidos (agua, aceite, etc.) en ocasiones son de la misma forma que una arandela, pero su funci\u00f3n es distinta.<\/span><\/p>    <\/div>\n<\/div>\n<!-- \/module text -->\t        <\/div>\n\t    \t<\/div>\n\t\t    <\/div>\n\t<\/div><!-- \/themify_builder_sub_row -->\n\t\t<div  data-lazy=\"1\" class=\"module_subrow themify_builder_sub_row tb_zlab842 tf_w tf_clearfix\">\n\t    \t\t<div class=\"subrow_inner gutter-none col_align_middle tf_box tf_w\"  data-basecol=\"2\" data-col_tablet=\"column4-2\" data-col_tablet_landscape=\"column4-2\">\n\t\t\t<div  data-lazy=\"1\" class=\"sub_column module_column tf_box col2-1 first tb_6ddj842\"> \n\t    \t    \t        <div class=\"tb-column-inner tf_box tf_w\">\n\t\t    <!-- module text -->\n<div  class=\"module module-text tb_bvkg842  repeat \" data-lazy=\"1\">\n        <div  class=\"tb_text_wrap\">\n    <h3>CLASIFICACI\u00d3N DE ARANDELAS EST\u00c1NDARES<\/h3>\n<ul>\n<li><span style=\"color: #000000;\">Arandela estructural F436<\/span><\/li>\n<li><span style=\"color: #000000;\">Arandelas Planas y Presi\u00f3n INOXIDABLE 304 y 316<br><br><\/span><\/li>\n<\/ul>\n<h3>CLASIFICACI\u00d3N DE ARANDELAS ESPECIALES<\/h3>\n<ul>\n<li><span style=\"color: #000000;\">Golillas Indicadora de Tensi\u00f3n (DTI)<\/span><\/li>\n<li><span style=\"color: #000000;\">Arandela Disc Lock<\/span><\/li>\n<\/ul>    <\/div>\n<\/div>\n<!-- \/module text -->\t        <\/div>\n\t    \t<\/div>\n\t\t<div  data-lazy=\"1\" class=\"sub_column module_column tf_box col2-1 last tb_gp7b842\"> \n\t    \t    \t        <div class=\"tb-column-inner tf_box tf_w\">\n\t\t    <!-- module image -->\n<div  class=\"module module-image tb_hljv842   image-center tf_mw\" data-lazy=\"1\" data-lax=\"true\" data-lax-anchor=\"self\" data-lax-optimize=\"true\" data-lax-translate-y=\"(vh*0.7) 0,(vh*0) -70\" data-lax-v-speed=\"1\" data-lax-no-op=\"true\">\n        <div class=\"image-wrap tf_rel tf_mw\">\n\t\t    <img loading=\"lazy\" src=\"https:\/\/jocecia.com\/portal\/wp-content\/uploads\/2021\/08\/steel-3418761_1920-1024x767-400x299.jpg\" width=\"400\" height=\"299\" class=\"wp-post-image wp-image-1817\" title=\"steel-3418761_1920\" alt=\"steel-3418761_1920\" srcset=\"https:\/\/jocecia.com\/portal\/wp-content\/uploads\/2021\/08\/steel-3418761_1920-1024x767-400x299.jpg 400w, https:\/\/jocecia.com\/portal\/wp-content\/uploads\/2021\/08\/steel-3418761_1920-300x225.jpg 300w, https:\/\/jocecia.com\/portal\/wp-content\/uploads\/2021\/08\/steel-3418761_1920-1024x767.jpg 1024w, https:\/\/jocecia.com\/portal\/wp-content\/uploads\/2021\/08\/steel-3418761_1920-768x576.jpg 768w, https:\/\/jocecia.com\/portal\/wp-content\/uploads\/2021\/08\/steel-3418761_1920-1536x1151.jpg 1536w, https:\/\/jocecia.com\/portal\/wp-content\/uploads\/2021\/08\/steel-3418761_1920-250x187.jpg 250w, https:\/\/jocecia.com\/portal\/wp-content\/uploads\/2021\/08\/steel-3418761_1920-550x412.jpg 550w, https:\/\/jocecia.com\/portal\/wp-content\/uploads\/2021\/08\/steel-3418761_1920-800x600.jpg 800w, https:\/\/jocecia.com\/portal\/wp-content\/uploads\/2021\/08\/steel-3418761_1920-240x180.jpg 240w, https:\/\/jocecia.com\/portal\/wp-content\/uploads\/2021\/08\/steel-3418761_1920-667x500.jpg 667w, https:\/\/jocecia.com\/portal\/wp-content\/uploads\/2021\/08\/steel-3418761_1920.jpg 1920w\" sizes=\"(max-width: 400px) 100vw, 400px\" \/>\t\n\t\t<\/div>\n\t<!-- \/image-wrap -->\n    \n    \t<\/div>\n<!-- \/module image -->\t        <\/div>\n\t    \t<\/div>\n\t\t    <\/div>\n\t<\/div><!-- \/themify_builder_sub_row -->\n\t\t        <\/div>\n\t    \t<\/div>\n\t\t    <\/div>\n\t    <!-- \/row_inner -->\n\t<\/div>\n\t<!-- \/module_row -->\n\t\t<!-- module_row -->\n\t<div  data-lazy=\"1\" class=\"module_row themify_builder_row tb_kjpk669 tf_clearfix\">\n\t    \t\t<div class=\"row_inner col_align_top tf_box tf_w tf_rel\">\n\t\t\t<div  data-lazy=\"1\" class=\"module_column tb-column col-full first tb_njge671 tf_box\">\n\t    \t    \t        <div class=\"tb-column-inner tf_box tf_w\">\n\t\t    <!-- module text -->\n<div  class=\"module module-text tb_dfdi969   \" data-lazy=\"1\">\n        <div  class=\"tb_text_wrap\">\n    <p style=\"text-align: center;\"><span style=\"color: #000000;\">La mejor descripci\u00f3n de una Golilla DTI es una Golilla con sistema de Indicador de Tensi\u00f3n Directa o tambi\u00e9n conocido como Indicador de Carga que son peque\u00f1as protuberancias en una de sus caras. Tiene como fin indicar la tensi\u00f3n directa no dependen del torque, lubricaci\u00f3n, estado de los hilos, calibraci\u00f3n de las llaves o tantos otros factores involucrados. Adem\u00e1s, facilitan la inspecci\u00f3n que se hace en forma visual, gracias a que tienen concavidades (llenas de silicona naranja) calibradas y dise\u00f1adas para que revienten la silicona cuando el perno llega a la carga o tensi\u00f3n deseada de acuerdo a la Especificaci\u00f3n para pernos estructurales RCSC (Research Council on Structural Connections) basada en las\u00a0<strong>Normas ASTM y AISC<\/strong>.<br><br><\/span><span style=\"color: #000000;\">El sistema Disc-Lock tiene su base en una serie de pruebas de vibraci\u00f3n y dispositivos de bloqueo estructural de alta resistencia recomendadas para las aplicaciones de m\u00e1s esfuerzo.\u00a0El sistema Disc-Lock se compone de dos piezas con resaltos, de superficies entrelazadas, cuyo \u00e1ngulo es mayor que el paso de la rosca del tornillo.\u00a0Mientras que un elemento de fijaci\u00f3n normal ante vibraci\u00f3n se intenta girar y se suelta, las levas de enclavamiento de las arandelas, tuercas y tornillos disc lock se elevan uno contra el otro para crear un efecto de cu\u00f1a que cierra el montaje, as\u00ed la tensi\u00f3n en el tornillo,\u00a0as\u00ed como integridad de la uni\u00f3n.<\/span><\/p>    <\/div>\n<\/div>\n<!-- \/module text -->\t        <\/div>\n\t    \t<\/div>\n\t\t    <\/div>\n\t    <!-- \/row_inner -->\n\t<\/div>\n\t<!-- \/module_row -->\n\t<\/div>\n<!--\/themify_builder_content-->","protected":false},"excerpt":{"rendered":"<p>\u00bfQU\u00c9 ES? Una arandela es un elemento de montaje con forma de disco delgado con un agujero usualmente en el centro (corona circular), siendo su uso m\u00e1s frecuente el sentar tuercas y cabezas de tornillos.\u200b Usualmente se utilizan para soportar una carga de apriete. Entre otros usos pueden estar el de espaciador, de resorte, dispositivo [&hellip;]<\/p>\n","protected":false},"author":3,"featured_media":0,"parent":0,"menu_order":0,"comment_status":"closed","ping_status":"closed","template":"","meta":{"bgseo_title":"","bgseo_description":"","bgseo_robots_index":"","bgseo_robots_follow":""},"builder_content":"<img loading=\"lazy\" src=\"https:\/\/jocecia.com\/portal\/wp-content\/uploads\/2021\/08\/mechanical-engineering-2993233_1920-1-1024x683-600x400.jpg\" width=\"600\" height=\"400\" title=\"mechanical-engineering-2993233_1920 (1)\" alt=\"mechanical-engineering-2993233_1920 (1)\" srcset=\"https:\/\/jocecia.com\/portal\/wp-content\/uploads\/2021\/08\/mechanical-engineering-2993233_1920-1-1024x683-600x400.jpg 600w, https:\/\/jocecia.com\/portal\/wp-content\/uploads\/2021\/08\/mechanical-engineering-2993233_1920-1-300x200.jpg 300w, https:\/\/jocecia.com\/portal\/wp-content\/uploads\/2021\/08\/mechanical-engineering-2993233_1920-1-1024x683.jpg 1024w, https:\/\/jocecia.com\/portal\/wp-content\/uploads\/2021\/08\/mechanical-engineering-2993233_1920-1-768x512.jpg 768w, https:\/\/jocecia.com\/portal\/wp-content\/uploads\/2021\/08\/mechanical-engineering-2993233_1920-1-1536x1024.jpg 1536w, https:\/\/jocecia.com\/portal\/wp-content\/uploads\/2021\/08\/mechanical-engineering-2993233_1920-1-250x167.jpg 250w, https:\/\/jocecia.com\/portal\/wp-content\/uploads\/2021\/08\/mechanical-engineering-2993233_1920-1-550x367.jpg 550w, https:\/\/jocecia.com\/portal\/wp-content\/uploads\/2021\/08\/mechanical-engineering-2993233_1920-1-800x533.jpg 800w, https:\/\/jocecia.com\/portal\/wp-content\/uploads\/2021\/08\/mechanical-engineering-2993233_1920-1-270x180.jpg 270w, https:\/\/jocecia.com\/portal\/wp-content\/uploads\/2021\/08\/mechanical-engineering-2993233_1920-1-450x300.jpg 450w, https:\/\/jocecia.com\/portal\/wp-content\/uploads\/2021\/08\/mechanical-engineering-2993233_1920-1-750x500.jpg 750w, https:\/\/jocecia.com\/portal\/wp-content\/uploads\/2021\/08\/mechanical-engineering-2993233_1920-1.jpg 1920w\" sizes=\"(max-width: 600px) 100vw, 600px\" \/>\n<h3>\u00bfQU\u00c9 ES?<\/h3> <p>Una arandela es un elemento de montaje con forma de disco delgado con un agujero usualmente en el centro (corona circular), siendo su uso m\u00e1s frecuente el sentar tuercas y cabezas de tornillos.\u200b Usualmente se utilizan para soportar una carga de apriete. Entre otros usos pueden estar el de espaciador, de resorte, dispositivo indicador de precarga y como dispositivo de seguro. Tambi\u00e9n existen arandelas de estrella, con dientes internos y externos. Las arandelas normalmente son de metal o de jebe\/nitrilo. Los tornillos con cabezas de alta calidad requieren de arandelas de alg\u00fan metal duro para prevenir la p\u00e9rdida de precarga una vez que el par de apriete es aplicado. Los sellos de hule o fibra usados en tapas y juntas para evitar la fuga de l\u00edquidos (agua, aceite, etc.) en ocasiones son de la misma forma que una arandela, pero su funci\u00f3n es distinta.<\/p>\n<h3>CLASIFICACI\u00d3N DE ARANDELAS EST\u00c1NDARES<\/h3> <ul> <li>Arandela estructural F436<\/li> <li>Arandelas Planas y Presi\u00f3n INOXIDABLE 304 y 316<br><br><\/li> <\/ul> <h3>CLASIFICACI\u00d3N DE ARANDELAS ESPECIALES<\/h3> <ul> <li>Golillas Indicadora de Tensi\u00f3n (DTI)<\/li> <li>Arandela Disc Lock<\/li> <\/ul>\n<img loading=\"lazy\" src=\"https:\/\/jocecia.com\/portal\/wp-content\/uploads\/2021\/08\/steel-3418761_1920-1024x767-400x299.jpg\" width=\"400\" height=\"299\" title=\"steel-3418761_1920\" alt=\"steel-3418761_1920\" srcset=\"https:\/\/jocecia.com\/portal\/wp-content\/uploads\/2021\/08\/steel-3418761_1920-1024x767-400x299.jpg 400w, https:\/\/jocecia.com\/portal\/wp-content\/uploads\/2021\/08\/steel-3418761_1920-300x225.jpg 300w, https:\/\/jocecia.com\/portal\/wp-content\/uploads\/2021\/08\/steel-3418761_1920-1024x767.jpg 1024w, https:\/\/jocecia.com\/portal\/wp-content\/uploads\/2021\/08\/steel-3418761_1920-768x576.jpg 768w, https:\/\/jocecia.com\/portal\/wp-content\/uploads\/2021\/08\/steel-3418761_1920-1536x1151.jpg 1536w, https:\/\/jocecia.com\/portal\/wp-content\/uploads\/2021\/08\/steel-3418761_1920-250x187.jpg 250w, https:\/\/jocecia.com\/portal\/wp-content\/uploads\/2021\/08\/steel-3418761_1920-550x412.jpg 550w, https:\/\/jocecia.com\/portal\/wp-content\/uploads\/2021\/08\/steel-3418761_1920-800x600.jpg 800w, https:\/\/jocecia.com\/portal\/wp-content\/uploads\/2021\/08\/steel-3418761_1920-240x180.jpg 240w, https:\/\/jocecia.com\/portal\/wp-content\/uploads\/2021\/08\/steel-3418761_1920-667x500.jpg 667w, https:\/\/jocecia.com\/portal\/wp-content\/uploads\/2021\/08\/steel-3418761_1920.jpg 1920w\" sizes=\"(max-width: 400px) 100vw, 400px\" \/>\n<p style=\"text-align: center;\">La mejor descripci\u00f3n de una Golilla DTI es una Golilla con sistema de Indicador de Tensi\u00f3n Directa o tambi\u00e9n conocido como Indicador de Carga que son peque\u00f1as protuberancias en una de sus caras. Tiene como fin indicar la tensi\u00f3n directa no dependen del torque, lubricaci\u00f3n, estado de los hilos, calibraci\u00f3n de las llaves o tantos otros factores involucrados. Adem\u00e1s, facilitan la inspecci\u00f3n que se hace en forma visual, gracias a que tienen concavidades (llenas de silicona naranja) calibradas y dise\u00f1adas para que revienten la silicona cuando el perno llega a la carga o tensi\u00f3n deseada de acuerdo a la Especificaci\u00f3n para pernos estructurales RCSC (Research Council on Structural Connections) basada en las\u00a0<strong>Normas ASTM y AISC<\/strong>.<br><br>El sistema Disc-Lock tiene su base en una serie de pruebas de vibraci\u00f3n y dispositivos de bloqueo estructural de alta resistencia recomendadas para las aplicaciones de m\u00e1s esfuerzo.\u00a0El sistema Disc-Lock se compone de dos piezas con resaltos, de superficies entrelazadas, cuyo \u00e1ngulo es mayor que el paso de la rosca del tornillo.\u00a0Mientras que un elemento de fijaci\u00f3n normal ante vibraci\u00f3n se intenta girar y se suelta, las levas de enclavamiento de las arandelas, tuercas y tornillos disc lock se elevan uno contra el otro para crear un efecto de cu\u00f1a que cierra el montaje, as\u00ed la tensi\u00f3n en el tornillo,\u00a0as\u00ed como integridad de la uni\u00f3n.<\/p>","_links":{"self":[{"href":"https:\/\/jocecia.com\/portal\/wp-json\/wp\/v2\/pages\/1864"}],"collection":[{"href":"https:\/\/jocecia.com\/portal\/wp-json\/wp\/v2\/pages"}],"about":[{"href":"https:\/\/jocecia.com\/portal\/wp-json\/wp\/v2\/types\/page"}],"author":[{"embeddable":true,"href":"https:\/\/jocecia.com\/portal\/wp-json\/wp\/v2\/users\/3"}],"replies":[{"embeddable":true,"href":"https:\/\/jocecia.com\/portal\/wp-json\/wp\/v2\/comments?post=1864"}],"version-history":[{"count":6,"href":"https:\/\/jocecia.com\/portal\/wp-json\/wp\/v2\/pages\/1864\/revisions"}],"predecessor-version":[{"id":1890,"href":"https:\/\/jocecia.com\/portal\/wp-json\/wp\/v2\/pages\/1864\/revisions\/1890"}],"wp:attachment":[{"href":"https:\/\/jocecia.com\/portal\/wp-json\/wp\/v2\/media?parent=1864"}],"curies":[{"name":"wp","href":"https:\/\/api.w.org\/{rel}","templated":true}]}}