{"id":2229,"date":"2025-01-22T08:18:47","date_gmt":"2025-01-22T13:18:47","guid":{"rendered":"https:\/\/jocecia.com\/portal\/grating2-copy\/"},"modified":"2025-02-18T13:53:46","modified_gmt":"2025-02-18T18:53:46","slug":"encofrados","status":"publish","type":"page","link":"https:\/\/jocecia.com\/portal\/encofrados\/","title":{"rendered":"Encofrados"},"content":{"rendered":"<!--themify_builder_content-->\n<div id=\"themify_builder_content-2229\" data-postid=\"2229\" class=\"themify_builder_content themify_builder_content-2229 themify_builder tf_clear\">\n    \t<!-- module_row -->\n\t<div  data-css_id=\"1gt9969\" data-lazy=\"1\" class=\"module_row themify_builder_row fullcover fullwidth tb_1gt9969 tb_first tf_clearfix\" >\n\t    <div class=\"tf_abs builder_row_cover\"><\/div>\t\t<div class=\"row_inner col_align_top tf_box tf_w tf_rel\">\n\t\t\t<div  data-lazy=\"1\" class=\"module_column tb-column col-full first tb_tji8970 tf_box\">\n\t    \t    \t        <div class=\"tb-column-inner tf_box tf_w\">\n\t\t    <!-- module text -->\n<div  class=\"module module-text tb_wmla970   \" data-lazy=\"1\">\n        <div  class=\"tb_text_wrap\">\n    <h1>ENCOFRADOS<\/h1>    <\/div>\n<\/div>\n<!-- \/module text -->\t        <\/div>\n\t    \t<\/div>\n\t\t    <\/div>\n\t    <!-- \/row_inner -->\n\t<\/div>\n\t<!-- \/module_row -->\n\t\t<!-- module_row -->\n\t<div  data-lazy=\"1\" class=\"module_row themify_builder_row repeat fullheight tb_wouh606 tf_clearfix\" >\n\t    \t\t<div class=\"row_inner col_align_top tf_box tf_w tf_rel\">\n\t\t\t<div  data-lazy=\"1\" class=\"module_column tb-column col4-2 first tb_umpf050 tf_box\">\n\t    \t    \t        <div class=\"tb-column-inner tf_box tf_w\">\n\t\t    \t<div  data-lazy=\"1\" class=\"module_subrow themify_builder_sub_row tb_6fn0353 tf_w tf_clearfix\">\n\t    \t\t<div class=\"subrow_inner col_align_middle direction-rtl tf_box tf_w\"  data-desktop_dir=\"rtl\" data-basecol=\"1\" data-col_tablet=\"column4-2\" data-col_tablet_landscape=\"column4-2\" data-col_mobile=\"column-full\">\n\t\t\t<div  data-lazy=\"1\" class=\"sub_column module_column tf_box col-full first tb_ctvv308 repeat\" > \n\t    \t    \t        <div class=\"tb-column-inner tf_box tf_w\">\n\t\t    <!-- module accordion -->\n<div  class=\"module module-accordion tb_nl7h740 \" data-behavior=\"toggle\" data-lazy=\"1\">\n    \n    <ul class=\"ui module-accordion plus-icon-button  black\">\n\t\t    <li class=\"builder-accordion-active\">\n\t\t\t<div class=\"accordion-title tf_rel\">\n\t\t\t\t<a href=\"#acc-nl7h740-0\" aria-controls=\"acc-nl7h740-0-content\" aria-expanded=\"true\">\n\t\t\t\t\t<i class=\"accordion-icon tf_hide\"><svg  aria-hidden=\"true\" class=\"tf_fa tf-ti-angle-down\"><use href=\"#tf-ti-angle-down\"><\/use><\/svg><\/i>\t\t\t\t\t<i class=\"accordion-active-icon\"><svg  aria-hidden=\"true\" class=\"tf_fa tf-ti-angle-up\"><use href=\"#tf-ti-angle-up\"><\/use><\/svg><\/i>\t\t\t\t\t<span class=\"tb_title_accordion tf_w\">DESCRIPCI\u00d3N<\/span>\n\t\t\t\t<\/a>\n\t\t\t<\/div><!-- .accordion-title -->\n\n\t\t\t<div id=\"acc-nl7h740-0-content\" data-id=\"acc-nl7h740-0\" aria-hidden=\"false\" class=\"accordion-content\">\n\n\t\t\t\t\t\t\t\t\t<div\n\t\t\t\t\t\tclass=\"tb_text_wrap\"\n\t\t\t\t\t\t>\n\t\t\t\t\t\t<p style=\"text-align: justify;\">Los encofrados met\u00e1licos son estructuras temporales utilizadas en la construcci\u00f3n para moldear y sostener el hormig\u00f3n fresco hasta que este se endurece y adquiere la resistencia necesaria para soportar su propio peso y las cargas a las que estar\u00e1 sometido. Estos encofrados est\u00e1n fabricados principalmente de acero lo que les confiere una gran durabilidad y resistencia.<\/p>\n\t\t\t\t\t<\/div>\n\t\t\t\t\n\t\t\t<\/div><!-- .accordion-content -->\n\t    <\/li>\n\t\t    <li>\n\t\t\t<div class=\"accordion-title tf_rel\">\n\t\t\t\t<a href=\"#acc-nl7h740-1\" aria-controls=\"acc-nl7h740-1-content\" aria-expanded=\"false\">\n\t\t\t\t\t<i class=\"accordion-icon\"><svg  aria-hidden=\"true\" class=\"tf_fa tf-ti-angle-down\"><use href=\"#tf-ti-angle-down\"><\/use><\/svg><\/i>\t\t\t\t\t<i class=\"accordion-active-icon tf_hide\"><svg  aria-hidden=\"true\" class=\"tf_fa tf-ti-angle-up\"><use href=\"#tf-ti-angle-up\"><\/use><\/svg><\/i>\t\t\t\t\t<span class=\"tb_title_accordion tf_w\">VENTAJAS DE NUESTROS ENCOFRADOS MET\u00c1LICOS<\/span>\n\t\t\t\t<\/a>\n\t\t\t<\/div><!-- .accordion-title -->\n\n\t\t\t<div id=\"acc-nl7h740-1-content\" data-id=\"acc-nl7h740-1\" aria-hidden=\"true\" class=\"accordion-content tf_hide\">\n\n\t\t\t\t\t\t\t\t\t<div\n\t\t\t\t\t\tclass=\"tb_text_wrap\"\n\t\t\t\t\t\t>\n\t\t\t\t\t\t<ul>\n<li>\n<p style=\"text-align: justify;\"><strong>Durabilidad y Resistencia<\/strong>: Fabricados con materiales de primera calidad, nuestros encofrados met\u00e1licos est\u00e1n dise\u00f1ados para soportar las condiciones m\u00e1s adversas y garantizar una larga vida \u00fatil.<\/p>\n<\/li>\n<li style=\"text-align: justify;\"><strong>Eficiencia en la Construcci\u00f3n<\/strong>: Nuestros encofrados permiten una instalaci\u00f3n r\u00e1pida y sencilla, lo que reduce el tiempo y los costos de construcci\u00f3n, aumentando la eficiencia del proyecto.<\/li>\n<li style=\"text-align: justify;\"><strong>Versatilidad<\/strong>: Disponibles en una variedad de tama\u00f1os y configuraciones, nuestros encofrados met\u00e1licos pueden adaptarse a cualquier proyecto, desde peque\u00f1as obras hasta grandes infraestructuras.<\/li>\n<li>\n<p style=\"text-align: justify;\"><strong>Seguridad<\/strong>: Dise\u00f1ados para proporcionar una estructura robusta y segura, nuestros encofrados garantizan la seguridad de los trabajadores y la integridad del proyecto.<\/p>\n<\/li>\n<\/ul>\n\t\t\t\t\t<\/div>\n\t\t\t\t\n\t\t\t<\/div><!-- .accordion-content -->\n\t    <\/li>\n\t    <\/ul>\n\n<\/div><!-- \/module accordion -->\t        <\/div>\n\t    \t<\/div>\n\t\t    <\/div>\n\t<\/div><!-- \/themify_builder_sub_row -->\n\t\t        <\/div>\n\t    \t<\/div>\n\t\t<div  data-lazy=\"1\" class=\"module_column tb-column col4-2 last tb_cfbe846 tf_box\">\n\t    \t    \t        <div class=\"tb-column-inner tf_box tf_w\">\n\t\t    <!-- module gallery -->\n<div  class=\"module gallery module-gallery tb_6yqa549 layout-grid  \" data-lazy=\"1\">\n    <div class=\"module-gallery-grid gallery-columns-2 tf_clear\">\n\t\t\t<dl class=\"gallery-item\">\n\t\t\t<dt class=\"gallery-icon\">\n\t\t\t<a data-title=\"\" title=\"\" href=\"https:\/\/jocecia.com\/portal\/wp-content\/uploads\/2025\/02\/IMG-20220426-WA0011.jpg\" data-rel=\"tb_6yqa549\" class=\"themify_lightbox\"><img loading=\"lazy\" src=\"https:\/\/jocecia.com\/portal\/wp-content\/uploads\/2025\/02\/IMG-20220426-WA0011-1024x576-300x300.jpg\" width=\"300\" height=\"300\" class=\"wp-post-image wp-image-3224\" title=\"IMG-20220426-WA0011\" alt=\"IMG-20220426-WA0011\" srcset=\"https:\/\/jocecia.com\/portal\/wp-content\/uploads\/2025\/02\/IMG-20220426-WA0011-1024x576-300x300.jpg 300w, https:\/\/jocecia.com\/portal\/wp-content\/uploads\/2025\/02\/IMG-20220426-WA0011-150x150.jpg 150w, https:\/\/jocecia.com\/portal\/wp-content\/uploads\/2025\/02\/IMG-20220426-WA0011-48x48.jpg 48w\" sizes=\"(max-width: 300px) 100vw, 300px\" \/><\/a>\t\t\t<\/dt>\n\t\t\t<dd>\n\t\t\t\t\t\t\t\t\t\t\t<\/dd>\n\t\t<\/dl>\n\t\t\t<dl class=\"gallery-item\">\n\t\t\t<dt class=\"gallery-icon\">\n\t\t\t<a data-title=\"\" title=\"\" href=\"https:\/\/jocecia.com\/portal\/wp-content\/uploads\/2025\/01\/WhatsApp-Image-2022-04-26-at-10.16.34-AM-1.jpeg\" data-rel=\"tb_6yqa549\" class=\"themify_lightbox\"><img loading=\"lazy\" src=\"https:\/\/jocecia.com\/portal\/wp-content\/uploads\/2025\/01\/WhatsApp-Image-2022-04-26-at-10.16.34-AM-1-1024x576-300x300.jpeg\" width=\"300\" height=\"300\" class=\"wp-post-image wp-image-2396\" title=\"WhatsApp Image 2022-04-26 at 10.16.34 AM (1)\" alt=\"WhatsApp Image 2022-04-26 at 10.16.34 AM (1)\" srcset=\"https:\/\/jocecia.com\/portal\/wp-content\/uploads\/2025\/01\/WhatsApp-Image-2022-04-26-at-10.16.34-AM-1-1024x576-300x300.jpeg 300w, https:\/\/jocecia.com\/portal\/wp-content\/uploads\/2025\/01\/WhatsApp-Image-2022-04-26-at-10.16.34-AM-1-150x150.jpeg 150w, https:\/\/jocecia.com\/portal\/wp-content\/uploads\/2025\/01\/WhatsApp-Image-2022-04-26-at-10.16.34-AM-1-48x48.jpeg 48w\" sizes=\"(max-width: 300px) 100vw, 300px\" \/><\/a>\t\t\t<\/dt>\n\t\t\t<dd>\n\t\t\t\t\t\t\t\t\t\t\t<\/dd>\n\t\t<\/dl>\n\t\t\t<dl class=\"gallery-item\">\n\t\t\t<dt class=\"gallery-icon\">\n\t\t\t<a data-title=\"\" title=\"\" href=\"https:\/\/jocecia.com\/portal\/wp-content\/uploads\/2025\/02\/IMG_20230912_152446-1-scaled.jpg\" data-rel=\"tb_6yqa549\" class=\"themify_lightbox\"><img loading=\"lazy\" src=\"https:\/\/jocecia.com\/portal\/wp-content\/uploads\/2025\/02\/IMG_20230912_152446-1-768x1024-300x300.jpg\" width=\"300\" height=\"300\" class=\"wp-post-image wp-image-3225\" title=\"IMG_20230912_152446\" alt=\"IMG_20230912_152446\" srcset=\"https:\/\/jocecia.com\/portal\/wp-content\/uploads\/2025\/02\/IMG_20230912_152446-1-768x1024-300x300.jpg 300w, https:\/\/jocecia.com\/portal\/wp-content\/uploads\/2025\/02\/IMG_20230912_152446-1-150x150.jpg 150w, https:\/\/jocecia.com\/portal\/wp-content\/uploads\/2025\/02\/IMG_20230912_152446-1-48x48.jpg 48w\" sizes=\"(max-width: 300px) 100vw, 300px\" \/><\/a>\t\t\t<\/dt>\n\t\t\t<dd>\n\t\t\t\t\t\t\t\t\t\t\t<\/dd>\n\t\t<\/dl>\n\t\t\t<dl class=\"gallery-item\">\n\t\t\t<dt class=\"gallery-icon\">\n\t\t\t<a data-title=\"\" title=\"\" href=\"https:\/\/jocecia.com\/portal\/wp-content\/uploads\/2021\/08\/ENCOFRADOS-METALICOS-3.jpg\" data-rel=\"tb_6yqa549\" class=\"themify_lightbox\"><img loading=\"lazy\" src=\"https:\/\/jocecia.com\/portal\/wp-content\/uploads\/2021\/08\/ENCOFRADOS-METALICOS-3-768x1024-300x300.jpg\" width=\"300\" height=\"300\" class=\"wp-post-image wp-image-1155\" title=\"ENCOFRADOS METALICOS 3\" alt=\"ENCOFRADOS METALICOS 3\" srcset=\"https:\/\/jocecia.com\/portal\/wp-content\/uploads\/2021\/08\/ENCOFRADOS-METALICOS-3-768x1024-300x300.jpg 300w, https:\/\/jocecia.com\/portal\/wp-content\/uploads\/2021\/08\/ENCOFRADOS-METALICOS-3-150x150.jpg 150w\" sizes=\"(max-width: 300px) 100vw, 300px\" \/><\/a>\t\t\t<\/dt>\n\t\t\t<dd>\n\t\t\t\t\t\t\t\t\t\t\t<\/dd>\n\t\t<\/dl>\n\t<\/div>\n<\/div>\n<!-- \/module gallery --><!-- module buttons -->\n<div  class=\"module module-buttons tb_jctq792 buttons-horizontal solid  small tf_textc\" data-lazy=\"1\">\n    \t<div class=\"module-buttons-item tf_inline_b\">\n\t\t\t\t\t\t\t<a href=\"https:\/\/jocecia.com\/portal\/\" class=\"ui builder_button transparent\" >\n\t\t\t\t\t\t\t\t\t\t\t<span class=\"tf_inline_b tf_vmiddle\">VER  CAT\u00c1LOGO<\/span>\n\t\t\t\t\t\t\t\t\t\t\t<\/a>\n\t\t\t    \t<\/div>\n\t<\/div>\n<!-- \/module buttons -->\n\t        <\/div>\n\t    \t<\/div>\n\t\t    <\/div>\n\t    <!-- \/row_inner -->\n\t<\/div>\n\t<!-- \/module_row -->\n\t<\/div>\n<!--\/themify_builder_content-->","protected":false},"excerpt":{"rendered":"<p>ENCOFRADOS DESCRIPCI\u00d3N Los encofrados met\u00e1licos son estructuras temporales utilizadas en la construcci\u00f3n para moldear y sostener el hormig\u00f3n fresco hasta que este se endurece y adquiere la resistencia necesaria para soportar su propio peso y las cargas a las que estar\u00e1 sometido. Estos encofrados est\u00e1n fabricados principalmente de acero lo que les confiere una gran [&hellip;]<\/p>\n","protected":false},"author":3,"featured_media":0,"parent":0,"menu_order":0,"comment_status":"closed","ping_status":"closed","template":"","meta":{"bgseo_title":"","bgseo_description":"","bgseo_robots_index":"index","bgseo_robots_follow":"follow"},"builder_content":"<h1>ENCOFRADOS<\/h1>\n<ul><li><h4>DESCRIPCI\u00d3N<\/h4><p style=\"text-align: justify;\">Los encofrados met\u00e1licos son estructuras temporales utilizadas en la construcci\u00f3n para moldear y sostener el hormig\u00f3n fresco hasta que este se endurece y adquiere la resistencia necesaria para soportar su propio peso y las cargas a las que estar\u00e1 sometido. Estos encofrados est\u00e1n fabricados principalmente de acero lo que les confiere una gran durabilidad y resistencia.<\/p> <\/li><li><h4>VENTAJAS DE NUESTROS ENCOFRADOS MET\u00c1LICOS<\/h4><ul> <li> <p style=\"text-align: justify;\"><strong>Durabilidad y Resistencia<\/strong>: Fabricados con materiales de primera calidad, nuestros encofrados met\u00e1licos est\u00e1n dise\u00f1ados para soportar las condiciones m\u00e1s adversas y garantizar una larga vida \u00fatil.<\/p> <\/li> <li style=\"text-align: justify;\"><strong>Eficiencia en la Construcci\u00f3n<\/strong>: Nuestros encofrados permiten una instalaci\u00f3n r\u00e1pida y sencilla, lo que reduce el tiempo y los costos de construcci\u00f3n, aumentando la eficiencia del proyecto.<\/li> <li style=\"text-align: justify;\"><strong>Versatilidad<\/strong>: Disponibles en una variedad de tama\u00f1os y configuraciones, nuestros encofrados met\u00e1licos pueden adaptarse a cualquier proyecto, desde peque\u00f1as obras hasta grandes infraestructuras.<\/li> <li> <p style=\"text-align: justify;\"><strong>Seguridad<\/strong>: Dise\u00f1ados para proporcionar una estructura robusta y segura, nuestros encofrados garantizan la seguridad de los trabajadores y la integridad del proyecto.<\/p> <\/li> <\/ul> <\/li><\/ul>\n[gallery ids=\"3224,2396,3225,1155\"]\n<a href=\"https:\/\/jocecia.com\/portal\/\" > VER CAT\u00c1LOGO <\/a>","_links":{"self":[{"href":"https:\/\/jocecia.com\/portal\/wp-json\/wp\/v2\/pages\/2229"}],"collection":[{"href":"https:\/\/jocecia.com\/portal\/wp-json\/wp\/v2\/pages"}],"about":[{"href":"https:\/\/jocecia.com\/portal\/wp-json\/wp\/v2\/types\/page"}],"author":[{"embeddable":true,"href":"https:\/\/jocecia.com\/portal\/wp-json\/wp\/v2\/users\/3"}],"replies":[{"embeddable":true,"href":"https:\/\/jocecia.com\/portal\/wp-json\/wp\/v2\/comments?post=2229"}],"version-history":[{"count":33,"href":"https:\/\/jocecia.com\/portal\/wp-json\/wp\/v2\/pages\/2229\/revisions"}],"predecessor-version":[{"id":3492,"href":"https:\/\/jocecia.com\/portal\/wp-json\/wp\/v2\/pages\/2229\/revisions\/3492"}],"wp:attachment":[{"href":"https:\/\/jocecia.com\/portal\/wp-json\/wp\/v2\/media?parent=2229"}],"curies":[{"name":"wp","href":"https:\/\/api.w.org\/{rel}","templated":true}]}}