{"id":2733,"date":"2025-01-29T22:39:42","date_gmt":"2025-01-30T03:39:42","guid":{"rendered":"https:\/\/jocecia.com\/portal\/pernos-cabeza-especial-copy\/"},"modified":"2025-02-18T13:18:27","modified_gmt":"2025-02-18T18:18:27","slug":"pernos-a-la-forja","status":"publish","type":"page","link":"https:\/\/jocecia.com\/portal\/pernos-a-la-forja\/","title":{"rendered":"Pernos a la Forja"},"content":{"rendered":"<!--themify_builder_content-->\n<div id=\"themify_builder_content-2733\" data-postid=\"2733\" class=\"themify_builder_content themify_builder_content-2733 themify_builder tf_clear\">\n    \t<!-- module_row -->\n\t<div  data-css_id=\"wbjl376\" data-lazy=\"1\" class=\"module_row themify_builder_row fullcover fullwidth tb_wbjl376 tb_first tf_clearfix\" >\n\t    <div class=\"tf_abs builder_row_cover\"><\/div>\t\t<div class=\"row_inner col_align_top tf_box tf_w tf_rel\">\n\t\t\t<div  data-lazy=\"1\" class=\"module_column tb-column col-full first tb_s8ir377 tf_box\">\n\t    \t    \t        <div class=\"tb-column-inner tf_box tf_w\">\n\t\t    <!-- module text -->\n<div  class=\"module module-text tb_jlsi377   \" data-lazy=\"1\">\n        <div  class=\"tb_text_wrap\">\n    <h1>PERNOS A LA FORJA<\/h1>    <\/div>\n<\/div>\n<!-- \/module text -->\t        <\/div>\n\t    \t<\/div>\n\t\t    <\/div>\n\t    <!-- \/row_inner -->\n\t<\/div>\n\t<!-- \/module_row -->\n\t\t<!-- module_row -->\n\t<div  data-css_id=\"fjmz360\" data-lazy=\"1\" class=\"module_row themify_builder_row fullwidth_row_container tb_fjmz360 tf_clearfix\" >\n\t    \t\t<div class=\"row_inner col_align_bottom gutter-none col_auto_height direction-rtl tf_box tf_w tf_rel\"  data-desktop_dir=\"rtl\" data-tablet_dir=\"rtl\" data-tablet_landscape_dir=\"rtl\" data-basecol=\"1\" data-col_mobile=\"column-full\">\n\t\t\t<div  data-lazy=\"1\" class=\"module_column tb-column col-full first tb_arpt907 tf_box\">\n\t    \t    \t        <div class=\"tb-column-inner tf_box tf_w\">\n\t\t    \t<div  data-lazy=\"1\" class=\"module_subrow themify_builder_sub_row tb_1yux274 tf_w tf_clearfix\">\n\t    \t\t<div class=\"subrow_inner gutter-none col_align_middle tf_box tf_w\"  data-basecol=\"2\" data-col_tablet=\"column4-2\" data-col_tablet_landscape=\"column4-2\" data-col_mobile=\"column-full\">\n\t\t\t<div  data-lazy=\"1\" class=\"sub_column module_column tf_box col2-1 first tb_lllj726\"> \n\t    \t    \t        <div class=\"tb-column-inner tf_box tf_w\">\n\t\t    <!-- module image -->\n<div  class=\"module module-image tb_bfug727   image-left tf_mw\" data-lazy=\"1\" data-lax=\"true\" data-lax-anchor=\"self\" data-lax-optimize=\"true\" data-lax-translate-y=\"(vh*0.7) 0,(vh*0) -70\" data-lax-v-speed=\"1\" data-lax-no-op=\"true\">\n        <div class=\"image-wrap tf_rel tf_mw\">\n\t\t    <img loading=\"lazy\" src=\"https:\/\/jocecia.com\/portal\/wp-content\/uploads\/2025\/02\/WhatsApp-Image-2025-02-11-at-14.46.30-fotor-bg-remover-2025021114511-600x460.png\" width=\"600\" height=\"460\" class=\"wp-post-image wp-image-3205\" title=\"WhatsApp Image 2025-02-11 at 14.46.30-fotor-bg-remover-2025021114511\" alt=\"WhatsApp Image 2025-02-11 at 14.46.30-fotor-bg-remover-2025021114511\" srcset=\"https:\/\/jocecia.com\/portal\/wp-content\/uploads\/2025\/02\/WhatsApp-Image-2025-02-11-at-14.46.30-fotor-bg-remover-2025021114511-600x460.png 600w, https:\/\/jocecia.com\/portal\/wp-content\/uploads\/2025\/02\/WhatsApp-Image-2025-02-11-at-14.46.30-fotor-bg-remover-2025021114511-300x230.png 300w, https:\/\/jocecia.com\/portal\/wp-content\/uploads\/2025\/02\/WhatsApp-Image-2025-02-11-at-14.46.30-fotor-bg-remover-2025021114511.png 500w\" sizes=\"(max-width: 600px) 100vw, 600px\" \/>\t\n\t\t<\/div>\n\t<!-- \/image-wrap -->\n    \n    \t<\/div>\n<!-- \/module image --><!-- module buttons -->\n<div  class=\"module module-buttons tb_uys5229 buttons-horizontal solid  small tf_textc\" data-lazy=\"1\">\n    \t<div class=\"module-buttons-item tf_inline_b\">\n\t\t\t\t\t\t\t<a href=\"https:\/\/jocecia.com\/portal\/\" class=\"ui builder_button transparent\" >\n\t\t\t\t\t\t\t\t\t\t\t<span class=\"tf_inline_b tf_vmiddle\">VER  CAT\u00c1LOGO<\/span>\n\t\t\t\t\t\t\t\t\t\t\t<\/a>\n\t\t\t    \t<\/div>\n\t<\/div>\n<!-- \/module buttons -->\n\t        <\/div>\n\t    \t<\/div>\n\t\t<div  data-lazy=\"1\" class=\"sub_column module_column tf_box col2-1 last tb_gkdu700\"> \n\t    \t    \t        <div class=\"tb-column-inner tf_box tf_w\">\n\t\t    <!-- module accordion -->\n<div  class=\"module module-accordion tb_3brd11 \" data-behavior=\"toggle\" data-lazy=\"1\">\n    \n    <ul class=\"ui module-accordion plus-icon-button  black\">\n\t\t    <li class=\"builder-accordion-active\">\n\t\t\t<div class=\"accordion-title tf_rel\">\n\t\t\t\t<a href=\"#acc-3brd11-0\" aria-controls=\"acc-3brd11-0-content\" aria-expanded=\"true\">\n\t\t\t\t\t\t\t\t\t\t\t\t\t\t\t<span class=\"tb_title_accordion tf_w\">\u00bfQU\u00c9 SON PERNOS A LA FORJA?<\/span>\n\t\t\t\t<\/a>\n\t\t\t<\/div><!-- .accordion-title -->\n\n\t\t\t<div id=\"acc-3brd11-0-content\" data-id=\"acc-3brd11-0\" aria-hidden=\"false\" class=\"accordion-content\">\n\n\t\t\t\t\t\t\t\t\t<div\n\t\t\t\t\t\tclass=\"tb_text_wrap\"\n\t\t\t\t\t\t>\n\t\t\t\t\t\t<p style=\"text-align: justify;\">Los <strong>pernos a la forja<\/strong> son elementos de fijaci\u00f3n met\u00e1licos que se fabrican mediante el proceso de forja, que implica moldear el material mediante la aplicaci\u00f3n de calor y presi\u00f3n. Este proceso mejora las propiedades mec\u00e1nicas del material, como la resistencia y la dureza, debido a la orientaci\u00f3n de los cristales del metal. Los pernos forjados suelen tener una mayor resistencia a la fatiga y al desgaste, en comparaci\u00f3n con los fabricados mediante otros procesos como el estampado o el mecanizado.<\/p>\n<p style=\"text-align: justify;\">En t\u00e9rminos t\u00e9cnicos, los pernos a la forja se utilizan principalmente en aplicaciones que requieren alta resistencia y durabilidad, tales como en la construcci\u00f3n de maquinaria pesada, estructuras met\u00e1licas, equipos de transporte y en la industria automotriz.<\/p>\n<p style=\"text-align: justify;\">En resumen, los pernos a la forja son una opci\u00f3n ideal cuando se busca un alto rendimiento y resistencia en un elemento de fijaci\u00f3n, aprovechando las ventajas que otorga el proceso de forja.<\/p>\n\t\t\t\t\t<\/div>\n\t\t\t\t\n\t\t\t<\/div><!-- .accordion-content -->\n\t    <\/li>\n\t    <\/ul>\n\n<\/div><!-- \/module accordion -->\t        <\/div>\n\t    \t<\/div>\n\t\t    <\/div>\n\t<\/div><!-- \/themify_builder_sub_row -->\n\t\t<div  data-lazy=\"1\" class=\"module_subrow themify_builder_sub_row tb_29ma056 tf_w tf_clearfix\">\n\t    \t\t<div class=\"subrow_inner gutter-none col_align_middle tf_box tf_w\"  data-basecol=\"2\" data-col_tablet=\"column4-2\" data-col_tablet_landscape=\"column4-2\">\n\t\t\t<div  data-lazy=\"1\" class=\"sub_column module_column tf_box col2-1 first tb_vpte708\"> \n\t    \t    \t        <div class=\"tb-column-inner tf_box tf_w\">\n\t\t    <!-- module accordion -->\n<div  class=\"module module-accordion tb_f5rn223 \" data-behavior=\"toggle\" data-lazy=\"1\">\n    \n    <ul class=\"ui module-accordion plus-icon-button  black\">\n\t\t    <li class=\"builder-accordion-active\">\n\t\t\t<div class=\"accordion-title tf_rel\">\n\t\t\t\t<a href=\"#acc-f5rn223-0\" aria-controls=\"acc-f5rn223-0-content\" aria-expanded=\"true\">\n\t\t\t\t\t\t\t\t\t\t\t\t\t\t\t<span class=\"tb_title_accordion tf_w\">CLASIFICACI\u00d3N<\/span>\n\t\t\t\t<\/a>\n\t\t\t<\/div><!-- .accordion-title -->\n\n\t\t\t<div id=\"acc-f5rn223-0-content\" data-id=\"acc-f5rn223-0\" aria-hidden=\"false\" class=\"accordion-content\">\n\n\t\t\t\t\t\t\t\t\t<div\n\t\t\t\t\t\tclass=\"tb_text_wrap\"\n\t\t\t\t\t\t>\n\t\t\t\t\t\t<ul>\n<li style=\"text-align: left;\">\u00a0Pernos Molino<\/li>\n<li style=\"text-align: justify;\"><span style=\"font-size: 1em;\">Pernos para la Construcci\u00f3n<\/span><\/li>\n<li style=\"text-align: left;\">Pernos para la Industria Minera y Alimenticia<\/li>\n<li style=\"text-align: left;\">Pernos para V\u00eda F\u00e9rrea<\/li>\n<li style=\"text-align: left;\">Pernos Est\u00e1ndar<\/li>\n<li style=\"text-align: left;\">Productos Especiales<\/li>\n<li style=\"text-align: left;\">Herrajer\u00eda El\u00e9ctrica<\/li>\n<li style=\"text-align: left;\">Tuercas Est\u00e1ndar y Especiales<\/li>\n<li style=\"text-align: left;\">Rodelas<\/li>\n<\/ul>\n\t\t\t\t\t<\/div>\n\t\t\t\t\n\t\t\t<\/div><!-- .accordion-content -->\n\t    <\/li>\n\t    <\/ul>\n\n<\/div><!-- \/module accordion -->\t        <\/div>\n\t    \t<\/div>\n\t\t<div  data-lazy=\"1\" class=\"sub_column module_column tf_box col2-1 last tb_fnyd202\"> \n\t    \t    \t        <div class=\"tb-column-inner tf_box tf_w\">\n\t\t    <!-- module image -->\n<div  class=\"module module-image tb_awge675   image-center tf_mw\" data-lazy=\"1\" data-lax=\"true\" data-lax-anchor=\"self\" data-lax-optimize=\"true\" data-lax-translate-y=\"(vh*0.7) 0,(vh*0) -70\" data-lax-v-speed=\"1\" data-lax-no-op=\"true\">\n        <div class=\"image-wrap tf_rel tf_mw\">\n\t\t    <img loading=\"lazy\" src=\"https:\/\/jocecia.com\/portal\/wp-content\/uploads\/2025\/01\/ALTARESOLUCION1-1024x577-400x225.png\" width=\"400\" height=\"225\" class=\"wp-post-image wp-image-2470\" title=\"ALTARESOLUCI\u00d3N1\" alt=\"ALTARESOLUCI\u00d3N1\" srcset=\"https:\/\/jocecia.com\/portal\/wp-content\/uploads\/2025\/01\/ALTARESOLUCION1-1024x577-400x225.png 400w, https:\/\/jocecia.com\/portal\/wp-content\/uploads\/2025\/01\/ALTARESOLUCION1-300x169.png 300w, https:\/\/jocecia.com\/portal\/wp-content\/uploads\/2025\/01\/ALTARESOLUCION1-1024x577.png 1024w, https:\/\/jocecia.com\/portal\/wp-content\/uploads\/2025\/01\/ALTARESOLUCION1-768x432.png 768w, https:\/\/jocecia.com\/portal\/wp-content\/uploads\/2025\/01\/ALTARESOLUCION1-250x141.png 250w, https:\/\/jocecia.com\/portal\/wp-content\/uploads\/2025\/01\/ALTARESOLUCION1-550x310.png 550w, https:\/\/jocecia.com\/portal\/wp-content\/uploads\/2025\/01\/ALTARESOLUCION1-800x450.png 800w, https:\/\/jocecia.com\/portal\/wp-content\/uploads\/2025\/01\/ALTARESOLUCION1-320x180.png 320w, https:\/\/jocecia.com\/portal\/wp-content\/uploads\/2025\/01\/ALTARESOLUCION1-533x300.png 533w, https:\/\/jocecia.com\/portal\/wp-content\/uploads\/2025\/01\/ALTARESOLUCION1-888x500.png 888w, https:\/\/jocecia.com\/portal\/wp-content\/uploads\/2025\/01\/ALTARESOLUCION1.png 1332w\" sizes=\"(max-width: 400px) 100vw, 400px\" \/>\t\n\t\t<\/div>\n\t<!-- \/image-wrap -->\n    \n    \t<\/div>\n<!-- \/module image -->\t        <\/div>\n\t    \t<\/div>\n\t\t    <\/div>\n\t<\/div><!-- \/themify_builder_sub_row -->\n\t\t        <\/div>\n\t    \t<\/div>\n\t\t    <\/div>\n\t    <!-- \/row_inner -->\n\t<\/div>\n\t<!-- \/module_row -->\n\t<\/div>\n<!--\/themify_builder_content-->","protected":false},"excerpt":{"rendered":"<p>PERNOS A LA FORJA VER CAT\u00c1LOGO \u00bfQU\u00c9 SON PERNOS A LA FORJA? Los pernos a la forja son elementos de fijaci\u00f3n met\u00e1licos que se fabrican mediante el proceso de forja, que implica moldear el material mediante la aplicaci\u00f3n de calor y presi\u00f3n. Este proceso mejora las propiedades mec\u00e1nicas del material, como la resistencia y la [&hellip;]<\/p>\n","protected":false},"author":3,"featured_media":0,"parent":0,"menu_order":0,"comment_status":"closed","ping_status":"closed","template":"","meta":{"bgseo_title":"","bgseo_description":"","bgseo_robots_index":"index","bgseo_robots_follow":"follow"},"builder_content":"<h1>PERNOS A LA FORJA<\/h1>\n<img loading=\"lazy\" src=\"https:\/\/jocecia.com\/portal\/wp-content\/uploads\/2025\/02\/WhatsApp-Image-2025-02-11-at-14.46.30-fotor-bg-remover-2025021114511-600x460.png\" width=\"600\" height=\"460\" title=\"WhatsApp Image 2025-02-11 at 14.46.30-fotor-bg-remover-2025021114511\" alt=\"WhatsApp Image 2025-02-11 at 14.46.30-fotor-bg-remover-2025021114511\" srcset=\"https:\/\/jocecia.com\/portal\/wp-content\/uploads\/2025\/02\/WhatsApp-Image-2025-02-11-at-14.46.30-fotor-bg-remover-2025021114511-600x460.png 600w, https:\/\/jocecia.com\/portal\/wp-content\/uploads\/2025\/02\/WhatsApp-Image-2025-02-11-at-14.46.30-fotor-bg-remover-2025021114511-300x230.png 300w, https:\/\/jocecia.com\/portal\/wp-content\/uploads\/2025\/02\/WhatsApp-Image-2025-02-11-at-14.46.30-fotor-bg-remover-2025021114511.png 500w\" sizes=\"(max-width: 600px) 100vw, 600px\" \/>\n<a href=\"https:\/\/jocecia.com\/portal\/\" > VER CAT\u00c1LOGO <\/a>\n<ul><li><h4>\u00bfQU\u00c9 SON PERNOS A LA FORJA?<\/h4><p style=\"text-align: justify;\">Los <strong>pernos a la forja<\/strong> son elementos de fijaci\u00f3n met\u00e1licos que se fabrican mediante el proceso de forja, que implica moldear el material mediante la aplicaci\u00f3n de calor y presi\u00f3n. Este proceso mejora las propiedades mec\u00e1nicas del material, como la resistencia y la dureza, debido a la orientaci\u00f3n de los cristales del metal. Los pernos forjados suelen tener una mayor resistencia a la fatiga y al desgaste, en comparaci\u00f3n con los fabricados mediante otros procesos como el estampado o el mecanizado.<\/p> <p style=\"text-align: justify;\">En t\u00e9rminos t\u00e9cnicos, los pernos a la forja se utilizan principalmente en aplicaciones que requieren alta resistencia y durabilidad, tales como en la construcci\u00f3n de maquinaria pesada, estructuras met\u00e1licas, equipos de transporte y en la industria automotriz.<\/p> <p style=\"text-align: justify;\">En resumen, los pernos a la forja son una opci\u00f3n ideal cuando se busca un alto rendimiento y resistencia en un elemento de fijaci\u00f3n, aprovechando las ventajas que otorga el proceso de forja.<\/p> <\/li><\/ul>\n\n<ul><li><h4>CLASIFICACI\u00d3N<\/h4><ul> <li style=\"text-align: left;\">\u00a0Pernos Molino<\/li> <li style=\"text-align: justify;\">Pernos para la Construcci\u00f3n<\/li> <li style=\"text-align: left;\">Pernos para la Industria Minera y Alimenticia<\/li> <li style=\"text-align: left;\">Pernos para V\u00eda F\u00e9rrea<\/li> <li style=\"text-align: left;\">Pernos Est\u00e1ndar<\/li> <li style=\"text-align: left;\">Productos Especiales<\/li> <li style=\"text-align: left;\">Herrajer\u00eda El\u00e9ctrica<\/li> <li style=\"text-align: left;\">Tuercas Est\u00e1ndar y Especiales<\/li> <li style=\"text-align: left;\">Rodelas<\/li> <\/ul> <\/li><\/ul>\n\n<img loading=\"lazy\" src=\"https:\/\/jocecia.com\/portal\/wp-content\/uploads\/2025\/01\/ALTARESOLUCION1-1024x577-400x225.png\" width=\"400\" height=\"225\" title=\"ALTARESOLUCI\u00d3N1\" alt=\"ALTARESOLUCI\u00d3N1\" srcset=\"https:\/\/jocecia.com\/portal\/wp-content\/uploads\/2025\/01\/ALTARESOLUCION1-1024x577-400x225.png 400w, https:\/\/jocecia.com\/portal\/wp-content\/uploads\/2025\/01\/ALTARESOLUCION1-300x169.png 300w, https:\/\/jocecia.com\/portal\/wp-content\/uploads\/2025\/01\/ALTARESOLUCION1-1024x577.png 1024w, https:\/\/jocecia.com\/portal\/wp-content\/uploads\/2025\/01\/ALTARESOLUCION1-768x432.png 768w, https:\/\/jocecia.com\/portal\/wp-content\/uploads\/2025\/01\/ALTARESOLUCION1-250x141.png 250w, https:\/\/jocecia.com\/portal\/wp-content\/uploads\/2025\/01\/ALTARESOLUCION1-550x310.png 550w, https:\/\/jocecia.com\/portal\/wp-content\/uploads\/2025\/01\/ALTARESOLUCION1-800x450.png 800w, https:\/\/jocecia.com\/portal\/wp-content\/uploads\/2025\/01\/ALTARESOLUCION1-320x180.png 320w, https:\/\/jocecia.com\/portal\/wp-content\/uploads\/2025\/01\/ALTARESOLUCION1-533x300.png 533w, https:\/\/jocecia.com\/portal\/wp-content\/uploads\/2025\/01\/ALTARESOLUCION1-888x500.png 888w, https:\/\/jocecia.com\/portal\/wp-content\/uploads\/2025\/01\/ALTARESOLUCION1.png 1332w\" sizes=\"(max-width: 400px) 100vw, 400px\" \/>","_links":{"self":[{"href":"https:\/\/jocecia.com\/portal\/wp-json\/wp\/v2\/pages\/2733"}],"collection":[{"href":"https:\/\/jocecia.com\/portal\/wp-json\/wp\/v2\/pages"}],"about":[{"href":"https:\/\/jocecia.com\/portal\/wp-json\/wp\/v2\/types\/page"}],"author":[{"embeddable":true,"href":"https:\/\/jocecia.com\/portal\/wp-json\/wp\/v2\/users\/3"}],"replies":[{"embeddable":true,"href":"https:\/\/jocecia.com\/portal\/wp-json\/wp\/v2\/comments?post=2733"}],"version-history":[{"count":23,"href":"https:\/\/jocecia.com\/portal\/wp-json\/wp\/v2\/pages\/2733\/revisions"}],"predecessor-version":[{"id":3482,"href":"https:\/\/jocecia.com\/portal\/wp-json\/wp\/v2\/pages\/2733\/revisions\/3482"}],"wp:attachment":[{"href":"https:\/\/jocecia.com\/portal\/wp-json\/wp\/v2\/media?parent=2733"}],"curies":[{"name":"wp","href":"https:\/\/api.w.org\/{rel}","templated":true}]}}