{"id":2739,"date":"2025-01-29T22:43:25","date_gmt":"2025-01-30T03:43:25","guid":{"rendered":"https:\/\/jocecia.com\/portal\/pernos-para-forro-de-molinos-copy\/"},"modified":"2025-02-18T13:20:17","modified_gmt":"2025-02-18T18:20:17","slug":"pernos-bronce-silicio","status":"publish","type":"page","link":"https:\/\/jocecia.com\/portal\/pernos-bronce-silicio\/","title":{"rendered":"Pernos Bronce-Silicio"},"content":{"rendered":"<!--themify_builder_content-->\n<div id=\"themify_builder_content-2739\" data-postid=\"2739\" class=\"themify_builder_content themify_builder_content-2739 themify_builder tf_clear\">\n    \t<!-- module_row -->\n\t<div  data-css_id=\"hr6t858\" data-lazy=\"1\" class=\"module_row themify_builder_row fullcover fullwidth tb_hr6t858 tb_first tf_clearfix\" >\n\t    <div class=\"tf_abs builder_row_cover\"><\/div>\t\t<div class=\"row_inner col_align_top tf_box tf_w tf_rel\">\n\t\t\t<div  data-lazy=\"1\" class=\"module_column tb-column col-full first tb_buvk858 tf_box\">\n\t    \t    \t        <div class=\"tb-column-inner tf_box tf_w\">\n\t\t    <!-- module text -->\n<div  class=\"module module-text tb_0kin858   \" data-lazy=\"1\">\n        <div  class=\"tb_text_wrap\">\n    <h1>PERNOS BRONCE-SILICIO<\/h1>    <\/div>\n<\/div>\n<!-- \/module text -->\t        <\/div>\n\t    \t<\/div>\n\t\t    <\/div>\n\t    <!-- \/row_inner -->\n\t<\/div>\n\t<!-- \/module_row -->\n\t\t<!-- module_row -->\n\t<div  data-css_id=\"yy53377\" data-lazy=\"1\" class=\"module_row themify_builder_row fullwidth_row_container tb_yy53377 tf_clearfix\" >\n\t    \t\t<div class=\"row_inner col_align_bottom gutter-none col_auto_height direction-rtl tf_box tf_w tf_rel\"  data-desktop_dir=\"rtl\" data-tablet_dir=\"rtl\" data-tablet_landscape_dir=\"rtl\" data-basecol=\"1\" data-col_mobile=\"column-full\">\n\t\t\t<div  data-lazy=\"1\" class=\"module_column tb-column col-full first tb_d5l5010 tf_box\">\n\t    \t    \t        <div class=\"tb-column-inner tf_box tf_w\">\n\t\t    \t<div  data-lazy=\"1\" class=\"module_subrow themify_builder_sub_row tb_avb6122 tf_w tf_clearfix\">\n\t    \t\t<div class=\"subrow_inner gutter-none col_align_middle direction-rtl tf_box tf_w\"  data-desktop_dir=\"rtl\" data-basecol=\"2\" data-col_tablet=\"column4-2\" data-col_tablet_landscape=\"column4-2\" data-col_mobile=\"column-full\">\n\t\t\t<div  data-lazy=\"1\" class=\"sub_column module_column tf_box col2-1 last tb_xho2066\"> \n\t    \t    \t        <div class=\"tb-column-inner tf_box tf_w\">\n\t\t    <!-- module accordion -->\n<div  class=\"module module-accordion tb_8f3a631 \" data-behavior=\"toggle\" data-lazy=\"1\">\n    \n    <ul class=\"ui module-accordion plus-icon-button  black\">\n\t\t    <li class=\"builder-accordion-active\">\n\t\t\t<div class=\"accordion-title tf_rel\">\n\t\t\t\t<a href=\"#acc-8f3a631-0\" aria-controls=\"acc-8f3a631-0-content\" aria-expanded=\"true\">\n\t\t\t\t\t\t\t\t\t\t\t\t\t\t\t<span class=\"tb_title_accordion tf_w\">COMPOSICI\u00d3N Y PROPIEDADES<\/span>\n\t\t\t\t<\/a>\n\t\t\t<\/div><!-- .accordion-title -->\n\n\t\t\t<div id=\"acc-8f3a631-0-content\" data-id=\"acc-8f3a631-0\" aria-hidden=\"false\" class=\"accordion-content\">\n\n\t\t\t\t\t\t\t\t\t<div\n\t\t\t\t\t\tclass=\"tb_text_wrap\"\n\t\t\t\t\t\t>\n\t\t\t\t\t\t<p style=\"text-align: justify;\">La aleaci\u00f3n de bronce-silicio contiene entre un 1% y un 5% de silicio, lo que le confiere propiedades \u00fanicas como:<\/p>\n<ol>\n<li style=\"text-align: justify;\"><strong>Resistencia a la corrosi\u00f3n<\/strong>: El silicio mejora la resistencia a la corrosi\u00f3n por agua dulce y salada, as\u00ed como a otros medios agresivos como soluciones alcalinas.<\/li>\n<li style=\"text-align: justify;\"><strong>Alta resistencia mec\u00e1nica<\/strong>: A pesar de ser un material relativamente ligero, el bronce-silicio es conocido por su resistencia a la tracci\u00f3n y dureza, lo que lo hace adecuado para aplicaciones donde se requieren piezas que soporten cargas pesadas.<\/li>\n<li style=\"text-align: justify;\"><strong>Buena maquinabilidad<\/strong>: A diferencia de otros bronces, el bronce-silicio tiene una excelente capacidad para ser maquinado, lo que permite obtener pernos de diversas formas y tama\u00f1os con tolerancias estrictas.<\/li>\n<li style=\"text-align: justify;\"><strong>Baja fricci\u00f3n y desgaste<\/strong>: El silicio en la aleaci\u00f3n reduce el desgaste y mejora la capacidad de deslizamiento, por lo que se utiliza frecuentemente en aplicaciones que involucren piezas en movimiento.<\/li>\n<li>\n<p style=\"text-align: justify;\"><strong>Resistencia al calor<\/strong>: El bronce-silicio puede resistir temperaturas elevadas sin perder sus propiedades mec\u00e1nicas, lo que lo convierte en una opci\u00f3n confiable para aplicaciones en entornos de alta temperatura.<\/p>\n<\/li>\n<\/ol>\t\t\t\t\t<\/div>\n\t\t\t\t\n\t\t\t<\/div><!-- .accordion-content -->\n\t    <\/li>\n\t    <\/ul>\n\n<\/div><!-- \/module accordion --><!-- module buttons -->\n<div  class=\"module module-buttons tb_msxj911 buttons-horizontal solid  small tf_textc\" data-lazy=\"1\">\n    \t<div class=\"module-buttons-item tf_inline_b\">\n\t\t\t\t\t\t\t<a href=\"https:\/\/jocecia.com\/portal\/wp-content\/uploads\/2025\/01\/PERNOS-SILICIO.pdf\" class=\"ui builder_button transparent\" >\n\t\t\t\t\t\t\t\t\t\t\t<span class=\"tf_inline_b tf_vmiddle\">VER  CAT\u00c1LOGO<\/span>\n\t\t\t\t\t\t\t\t\t\t\t<\/a>\n\t\t\t    \t<\/div>\n\t<\/div>\n<!-- \/module buttons -->\n\t        <\/div>\n\t    \t<\/div>\n\t\t<div  data-lazy=\"1\" class=\"sub_column module_column tf_box col2-1 first tb_kysg600\"> \n\t    \t    \t        <div class=\"tb-column-inner tf_box tf_w\">\n\t\t    <!-- module image -->\n<div  class=\"module module-image tb_wg2m787   image-center tf_mw\" data-lazy=\"1\" data-lax=\"true\" data-lax-anchor=\"self\" data-lax-optimize=\"true\" data-lax-translate-y=\"(vh*0.7) 0,(vh*0) -70\" data-lax-v-speed=\"1\" data-lax-no-op=\"true\">\n        <div class=\"image-wrap tf_rel tf_mw\">\n\t\t    <img loading=\"lazy\" src=\"https:\/\/jocecia.com\/portal\/wp-content\/uploads\/2025\/01\/WhatsApp-Image-2025-01-28-at-15.31.38-1024x336-400x131.jpeg\" width=\"400\" height=\"131\" class=\"wp-post-image wp-image-2631\" title=\"WhatsApp Image 2025-01-28 at 15.31.38\" alt=\"WhatsApp Image 2025-01-28 at 15.31.38\" srcset=\"https:\/\/jocecia.com\/portal\/wp-content\/uploads\/2025\/01\/WhatsApp-Image-2025-01-28-at-15.31.38-1024x336-400x131.jpeg 400w, https:\/\/jocecia.com\/portal\/wp-content\/uploads\/2025\/01\/WhatsApp-Image-2025-01-28-at-15.31.38-300x98.jpeg 300w, https:\/\/jocecia.com\/portal\/wp-content\/uploads\/2025\/01\/WhatsApp-Image-2025-01-28-at-15.31.38-1024x336.jpeg 1024w, https:\/\/jocecia.com\/portal\/wp-content\/uploads\/2025\/01\/WhatsApp-Image-2025-01-28-at-15.31.38-768x252.jpeg 768w, https:\/\/jocecia.com\/portal\/wp-content\/uploads\/2025\/01\/WhatsApp-Image-2025-01-28-at-15.31.38-250x82.jpeg 250w, https:\/\/jocecia.com\/portal\/wp-content\/uploads\/2025\/01\/WhatsApp-Image-2025-01-28-at-15.31.38-550x181.jpeg 550w, https:\/\/jocecia.com\/portal\/wp-content\/uploads\/2025\/01\/WhatsApp-Image-2025-01-28-at-15.31.38-800x263.jpeg 800w, https:\/\/jocecia.com\/portal\/wp-content\/uploads\/2025\/01\/WhatsApp-Image-2025-01-28-at-15.31.38-548x180.jpeg 548w, https:\/\/jocecia.com\/portal\/wp-content\/uploads\/2025\/01\/WhatsApp-Image-2025-01-28-at-15.31.38-1024x336-914x300.jpeg 914w, https:\/\/jocecia.com\/portal\/wp-content\/uploads\/2025\/01\/WhatsApp-Image-2025-01-28-at-15.31.38-1024x336-1523x500.jpeg 1523w, https:\/\/jocecia.com\/portal\/wp-content\/uploads\/2025\/01\/WhatsApp-Image-2025-01-28-at-15.31.38.jpeg 1042w\" sizes=\"(max-width: 400px) 100vw, 400px\" \/>\t\n\t\t<\/div>\n\t<!-- \/image-wrap -->\n    \n    \t<\/div>\n<!-- \/module image --><!-- module accordion -->\n<div  class=\"module module-accordion tb_up1t265 \" data-behavior=\"toggle\" data-lazy=\"1\">\n    \n    <ul class=\"ui module-accordion plus-icon-button  black\">\n\t\t    <li class=\"builder-accordion-active\">\n\t\t\t<div class=\"accordion-title tf_rel\">\n\t\t\t\t<a href=\"#acc-up1t265-0\" aria-controls=\"acc-up1t265-0-content\" aria-expanded=\"true\">\n\t\t\t\t\t\t\t\t\t\t\t\t\t\t\t<span class=\"tb_title_accordion tf_w\">\u00bfQU\u00c9 SON PERNOS DE BRONCE-SILICIO?<\/span>\n\t\t\t\t<\/a>\n\t\t\t<\/div><!-- .accordion-title -->\n\n\t\t\t<div id=\"acc-up1t265-0-content\" data-id=\"acc-up1t265-0\" aria-hidden=\"false\" class=\"accordion-content\">\n\n\t\t\t\t\t\t\t\t\t<div\n\t\t\t\t\t\tclass=\"tb_text_wrap\"\n\t\t\t\t\t\t>\n\t\t\t\t\t\t<p style=\"text-align: justify;\">Estos pernos se destacan por sus propiedades mec\u00e1nicas y su resistencia a la corrosi\u00f3n, lo que los hace adecuados para una variedad de aplicaciones en la industria, especialmente en entornos donde la exposici\u00f3n a condiciones extremas es com\u00fan.<\/p>\n\t\t\t\t\t<\/div>\n\t\t\t\t\n\t\t\t<\/div><!-- .accordion-content -->\n\t    <\/li>\n\t    <\/ul>\n\n<\/div><!-- \/module accordion --><!-- module image -->\n<div  class=\"module module-image tb_i6b7915   image-center tf_mw\" data-lazy=\"1\" data-lax=\"true\" data-lax-anchor=\"self\" data-lax-optimize=\"true\" data-lax-translate-y=\"(vh*0.7) 0,(vh*0) -70\" data-lax-v-speed=\"1\" data-lax-no-op=\"true\">\n        <div class=\"image-wrap tf_rel tf_mw\">\n\t\t    <img loading=\"lazy\" src=\"https:\/\/jocecia.com\/portal\/wp-content\/uploads\/2025\/02\/BSilicio-600x351.jpg\" width=\"600\" height=\"351\" class=\"wp-post-image wp-image-2858\" title=\"BSilicio\" alt=\"BSilicio\" srcset=\"https:\/\/jocecia.com\/portal\/wp-content\/uploads\/2025\/02\/BSilicio-600x351.jpg 600w, https:\/\/jocecia.com\/portal\/wp-content\/uploads\/2025\/02\/BSilicio-300x176.jpg 300w, https:\/\/jocecia.com\/portal\/wp-content\/uploads\/2025\/02\/BSilicio-250x147.jpg 250w, https:\/\/jocecia.com\/portal\/wp-content\/uploads\/2025\/02\/BSilicio-307x180.jpg 307w, https:\/\/jocecia.com\/portal\/wp-content\/uploads\/2025\/02\/BSilicio-512x300.jpg 512w, https:\/\/jocecia.com\/portal\/wp-content\/uploads\/2025\/02\/BSilicio-400x234.jpg 400w, https:\/\/jocecia.com\/portal\/wp-content\/uploads\/2025\/02\/BSilicio-682x400.jpg 682w, https:\/\/jocecia.com\/portal\/wp-content\/uploads\/2025\/02\/BSilicio.jpg 522w\" sizes=\"(max-width: 600px) 100vw, 600px\" \/>\t\n\t\t<\/div>\n\t<!-- \/image-wrap -->\n    \n    \t<\/div>\n<!-- \/module image -->\t        <\/div>\n\t    \t<\/div>\n\t\t    <\/div>\n\t<\/div><!-- \/themify_builder_sub_row -->\n\t\t<div  data-lazy=\"1\" class=\"module_subrow themify_builder_sub_row tb_hlrf774 tf_w tf_clearfix\">\n\t    \t\t<div class=\"subrow_inner gutter-none col_align_middle tf_box tf_w\"  data-basecol=\"2\" data-col_tablet=\"column4-2\" data-col_tablet_landscape=\"column4-2\">\n\t\t\t<div  data-lazy=\"1\" class=\"sub_column module_column tf_box col2-1 first tb_yhw9764\"> \n\t    \t    \t        <div class=\"tb-column-inner tf_box tf_w\">\n\t\t    <!-- module accordion -->\n<div  class=\"module module-accordion tb_n7re428 \" data-behavior=\"toggle\" data-lazy=\"1\">\n    \n    <ul class=\"ui module-accordion plus-icon-button  black\">\n\t\t    <li class=\"builder-accordion-active\">\n\t\t\t<div class=\"accordion-title tf_rel\">\n\t\t\t\t<a href=\"#acc-n7re428-0\" aria-controls=\"acc-n7re428-0-content\" aria-expanded=\"true\">\n\t\t\t\t\t\t\t\t\t\t\t\t\t\t\t<span class=\"tb_title_accordion tf_w\">FABRICACI\u00d3N Y TRATAMIENTO<\/span>\n\t\t\t\t<\/a>\n\t\t\t<\/div><!-- .accordion-title -->\n\n\t\t\t<div id=\"acc-n7re428-0-content\" data-id=\"acc-n7re428-0\" aria-hidden=\"false\" class=\"accordion-content\">\n\n\t\t\t\t\t\t\t\t\t<div\n\t\t\t\t\t\tclass=\"tb_text_wrap\"\n\t\t\t\t\t\t>\n\t\t\t\t\t\t<p style=\"text-align: justify;\">Los pernos de bronce-silicio se fabrican mediante fundici\u00f3n o forja, y posteriormente se pueden someter a tratamientos t\u00e9rmicos para mejorar sus propiedades. Algunos tratamientos comunes incluyen el envejecimiento controlado, que incrementa la dureza y la resistencia, as\u00ed como el recubrimiento con materiales antioxidantes para mejorar a\u00fan m\u00e1s su resistencia a la corrosi\u00f3n.<\/p>\n<p style=\"text-align: justify;\">En resumen, los pernos de bronce-silicio son componentes de alta resistencia que ofrecen excelentes propiedades mec\u00e1nicas, de corrosi\u00f3n y de desgaste, lo que los hace imprescindibles en una variedad de industrias que requieren componentes de alto rendimiento en condiciones extremas.<\/p>\n<h4 style=\"text-align: justify;\">Aplicaciones Comunes<\/h4>\n<p style=\"text-align: justify;\">Los pernos de bronce-silicio se utilizan en una amplia gama de sectores industriales, tales como:<\/p>\n<ul>\n<li style=\"text-align: justify;\"><strong>Industria naval<\/strong>: Debido a su resistencia a la corrosi\u00f3n en ambientes marinos, estos pernos son ideales para componentes de maquinaria naval y equipos en contacto con agua salada.<\/li>\n<li style=\"text-align: justify;\"><strong>Automotriz<\/strong>: En sistemas de frenos, piezas de suspensi\u00f3n y motores, donde se requiere una alta resistencia al desgaste y a la temperatura.<\/li>\n<li style=\"text-align: justify;\"><strong>Aeron\u00e1utica<\/strong>: Para piezas sometidas a altas cargas y temperaturas, como en sistemas de direcci\u00f3n y componentes estructurales de aeronaves.<\/li>\n<li>\n<p style=\"text-align: justify;\"><strong>Sistemas el\u00e9ctricos<\/strong>: El bronce-silicio tambi\u00e9n tiene buenas propiedades el\u00e9ctricas, por lo que se emplea en componentes de conexiones el\u00e9ctricas y en piezas que requieren conductividad sin perder durabilidad.<\/p>\n<\/li>\n<\/ul>\n\t\t\t\t\t<\/div>\n\t\t\t\t\n\t\t\t<\/div><!-- .accordion-content -->\n\t    <\/li>\n\t    <\/ul>\n\n<\/div><!-- \/module accordion -->\t        <\/div>\n\t    \t<\/div>\n\t\t<div  data-lazy=\"1\" class=\"sub_column module_column tf_box col2-1 last tb_4nhv000\"> \n\t    \t    \t        <div class=\"tb-column-inner tf_box tf_w\">\n\t\t    <!-- module image -->\n<div  class=\"module module-image tb_6orv704   image-center tf_mw\" data-lazy=\"1\" data-lax=\"true\" data-lax-anchor=\"self\" data-lax-optimize=\"true\" data-lax-translate-y=\"(vh*0.7) 0,(vh*0) -70\" data-lax-v-speed=\"1\" data-lax-no-op=\"true\">\n        <div class=\"image-wrap tf_rel tf_mw\">\n\t\t    <img loading=\"lazy\" src=\"https:\/\/jocecia.com\/portal\/wp-content\/uploads\/2025\/01\/WhatsApp-Image-2025-01-28-at-15.40.10-400x376.jpeg\" width=\"400\" height=\"376\" class=\"wp-post-image wp-image-2638\" title=\"WhatsApp Image 2025-01-28 at 15.40.10\" alt=\"WhatsApp Image 2025-01-28 at 15.40.10\" srcset=\"https:\/\/jocecia.com\/portal\/wp-content\/uploads\/2025\/01\/WhatsApp-Image-2025-01-28-at-15.40.10-400x376.jpeg 400w, https:\/\/jocecia.com\/portal\/wp-content\/uploads\/2025\/01\/WhatsApp-Image-2025-01-28-at-15.40.10-300x282.jpeg 300w, https:\/\/jocecia.com\/portal\/wp-content\/uploads\/2025\/01\/WhatsApp-Image-2025-01-28-at-15.40.10-250x235.jpeg 250w, https:\/\/jocecia.com\/portal\/wp-content\/uploads\/2025\/01\/WhatsApp-Image-2025-01-28-at-15.40.10-191x180.jpeg 191w, https:\/\/jocecia.com\/portal\/wp-content\/uploads\/2025\/01\/WhatsApp-Image-2025-01-28-at-15.40.10-319x300.jpeg 319w, https:\/\/jocecia.com\/portal\/wp-content\/uploads\/2025\/01\/WhatsApp-Image-2025-01-28-at-15.40.10-532x500.jpeg 532w, https:\/\/jocecia.com\/portal\/wp-content\/uploads\/2025\/01\/WhatsApp-Image-2025-01-28-at-15.40.10-600x564.jpeg 600w, https:\/\/jocecia.com\/portal\/wp-content\/uploads\/2025\/01\/WhatsApp-Image-2025-01-28-at-15.40.10.jpeg 537w\" sizes=\"(max-width: 400px) 100vw, 400px\" \/>\t\n\t\t<\/div>\n\t<!-- \/image-wrap -->\n    \n    \t<\/div>\n<!-- \/module image -->\t        <\/div>\n\t    \t<\/div>\n\t\t    <\/div>\n\t<\/div><!-- \/themify_builder_sub_row -->\n\t\t        <\/div>\n\t    \t<\/div>\n\t\t    <\/div>\n\t    <!-- \/row_inner -->\n\t<\/div>\n\t<!-- \/module_row -->\n\t<\/div>\n<!--\/themify_builder_content-->","protected":false},"excerpt":{"rendered":"<p>PERNOS BRONCE-SILICIO COMPOSICI\u00d3N Y PROPIEDADES La aleaci\u00f3n de bronce-silicio contiene entre un 1% y un 5% de silicio, lo que le confiere propiedades \u00fanicas como: Resistencia a la corrosi\u00f3n: El silicio mejora la resistencia a la corrosi\u00f3n por agua dulce y salada, as\u00ed como a otros medios agresivos como soluciones alcalinas. Alta resistencia mec\u00e1nica: A [&hellip;]<\/p>\n","protected":false},"author":3,"featured_media":0,"parent":0,"menu_order":0,"comment_status":"closed","ping_status":"closed","template":"","meta":{"bgseo_title":"","bgseo_description":"","bgseo_robots_index":"index","bgseo_robots_follow":"follow"},"builder_content":"<h1>PERNOS BRONCE-SILICIO<\/h1>\n<ul><li><h4>COMPOSICI\u00d3N Y PROPIEDADES<\/h4><p style=\"text-align: justify;\">La aleaci\u00f3n de bronce-silicio contiene entre un 1% y un 5% de silicio, lo que le confiere propiedades \u00fanicas como:<\/p> <ol> <li style=\"text-align: justify;\"><strong>Resistencia a la corrosi\u00f3n<\/strong>: El silicio mejora la resistencia a la corrosi\u00f3n por agua dulce y salada, as\u00ed como a otros medios agresivos como soluciones alcalinas.<\/li> <li style=\"text-align: justify;\"><strong>Alta resistencia mec\u00e1nica<\/strong>: A pesar de ser un material relativamente ligero, el bronce-silicio es conocido por su resistencia a la tracci\u00f3n y dureza, lo que lo hace adecuado para aplicaciones donde se requieren piezas que soporten cargas pesadas.<\/li> <li style=\"text-align: justify;\"><strong>Buena maquinabilidad<\/strong>: A diferencia de otros bronces, el bronce-silicio tiene una excelente capacidad para ser maquinado, lo que permite obtener pernos de diversas formas y tama\u00f1os con tolerancias estrictas.<\/li> <li style=\"text-align: justify;\"><strong>Baja fricci\u00f3n y desgaste<\/strong>: El silicio en la aleaci\u00f3n reduce el desgaste y mejora la capacidad de deslizamiento, por lo que se utiliza frecuentemente en aplicaciones que involucren piezas en movimiento.<\/li> <li> <p style=\"text-align: justify;\"><strong>Resistencia al calor<\/strong>: El bronce-silicio puede resistir temperaturas elevadas sin perder sus propiedades mec\u00e1nicas, lo que lo convierte en una opci\u00f3n confiable para aplicaciones en entornos de alta temperatura.<\/p> <\/li> <\/ol><\/li><\/ul>\n<a href=\"https:\/\/jocecia.com\/portal\/wp-content\/uploads\/2025\/01\/PERNOS-SILICIO.pdf\" > VER CAT\u00c1LOGO <\/a>\n\n<img loading=\"lazy\" src=\"https:\/\/jocecia.com\/portal\/wp-content\/uploads\/2025\/01\/WhatsApp-Image-2025-01-28-at-15.31.38-1024x336-400x131.jpeg\" width=\"400\" height=\"131\" title=\"WhatsApp Image 2025-01-28 at 15.31.38\" alt=\"WhatsApp Image 2025-01-28 at 15.31.38\" srcset=\"https:\/\/jocecia.com\/portal\/wp-content\/uploads\/2025\/01\/WhatsApp-Image-2025-01-28-at-15.31.38-1024x336-400x131.jpeg 400w, https:\/\/jocecia.com\/portal\/wp-content\/uploads\/2025\/01\/WhatsApp-Image-2025-01-28-at-15.31.38-300x98.jpeg 300w, https:\/\/jocecia.com\/portal\/wp-content\/uploads\/2025\/01\/WhatsApp-Image-2025-01-28-at-15.31.38-1024x336.jpeg 1024w, https:\/\/jocecia.com\/portal\/wp-content\/uploads\/2025\/01\/WhatsApp-Image-2025-01-28-at-15.31.38-768x252.jpeg 768w, https:\/\/jocecia.com\/portal\/wp-content\/uploads\/2025\/01\/WhatsApp-Image-2025-01-28-at-15.31.38-250x82.jpeg 250w, https:\/\/jocecia.com\/portal\/wp-content\/uploads\/2025\/01\/WhatsApp-Image-2025-01-28-at-15.31.38-550x181.jpeg 550w, https:\/\/jocecia.com\/portal\/wp-content\/uploads\/2025\/01\/WhatsApp-Image-2025-01-28-at-15.31.38-800x263.jpeg 800w, https:\/\/jocecia.com\/portal\/wp-content\/uploads\/2025\/01\/WhatsApp-Image-2025-01-28-at-15.31.38-548x180.jpeg 548w, https:\/\/jocecia.com\/portal\/wp-content\/uploads\/2025\/01\/WhatsApp-Image-2025-01-28-at-15.31.38-1024x336-914x300.jpeg 914w, https:\/\/jocecia.com\/portal\/wp-content\/uploads\/2025\/01\/WhatsApp-Image-2025-01-28-at-15.31.38-1024x336-1523x500.jpeg 1523w, https:\/\/jocecia.com\/portal\/wp-content\/uploads\/2025\/01\/WhatsApp-Image-2025-01-28-at-15.31.38.jpeg 1042w\" sizes=\"(max-width: 400px) 100vw, 400px\" \/>\n<ul><li><h4>\u00bfQU\u00c9 SON PERNOS DE BRONCE-SILICIO?<\/h4><p style=\"text-align: justify;\">Estos pernos se destacan por sus propiedades mec\u00e1nicas y su resistencia a la corrosi\u00f3n, lo que los hace adecuados para una variedad de aplicaciones en la industria, especialmente en entornos donde la exposici\u00f3n a condiciones extremas es com\u00fan.<\/p> <\/li><\/ul>\n<img loading=\"lazy\" src=\"https:\/\/jocecia.com\/portal\/wp-content\/uploads\/2025\/02\/BSilicio-600x351.jpg\" width=\"600\" height=\"351\" title=\"BSilicio\" alt=\"BSilicio\" srcset=\"https:\/\/jocecia.com\/portal\/wp-content\/uploads\/2025\/02\/BSilicio-600x351.jpg 600w, https:\/\/jocecia.com\/portal\/wp-content\/uploads\/2025\/02\/BSilicio-300x176.jpg 300w, https:\/\/jocecia.com\/portal\/wp-content\/uploads\/2025\/02\/BSilicio-250x147.jpg 250w, https:\/\/jocecia.com\/portal\/wp-content\/uploads\/2025\/02\/BSilicio-307x180.jpg 307w, https:\/\/jocecia.com\/portal\/wp-content\/uploads\/2025\/02\/BSilicio-512x300.jpg 512w, https:\/\/jocecia.com\/portal\/wp-content\/uploads\/2025\/02\/BSilicio-400x234.jpg 400w, https:\/\/jocecia.com\/portal\/wp-content\/uploads\/2025\/02\/BSilicio-682x400.jpg 682w, https:\/\/jocecia.com\/portal\/wp-content\/uploads\/2025\/02\/BSilicio.jpg 522w\" sizes=\"(max-width: 600px) 100vw, 600px\" \/>\n<ul><li><h4>FABRICACI\u00d3N Y TRATAMIENTO<\/h4><p style=\"text-align: justify;\">Los pernos de bronce-silicio se fabrican mediante fundici\u00f3n o forja, y posteriormente se pueden someter a tratamientos t\u00e9rmicos para mejorar sus propiedades. Algunos tratamientos comunes incluyen el envejecimiento controlado, que incrementa la dureza y la resistencia, as\u00ed como el recubrimiento con materiales antioxidantes para mejorar a\u00fan m\u00e1s su resistencia a la corrosi\u00f3n.<\/p> <p style=\"text-align: justify;\">En resumen, los pernos de bronce-silicio son componentes de alta resistencia que ofrecen excelentes propiedades mec\u00e1nicas, de corrosi\u00f3n y de desgaste, lo que los hace imprescindibles en una variedad de industrias que requieren componentes de alto rendimiento en condiciones extremas.<\/p> <h4 style=\"text-align: justify;\">Aplicaciones Comunes<\/h4> <p style=\"text-align: justify;\">Los pernos de bronce-silicio se utilizan en una amplia gama de sectores industriales, tales como:<\/p> <ul> <li style=\"text-align: justify;\"><strong>Industria naval<\/strong>: Debido a su resistencia a la corrosi\u00f3n en ambientes marinos, estos pernos son ideales para componentes de maquinaria naval y equipos en contacto con agua salada.<\/li> <li style=\"text-align: justify;\"><strong>Automotriz<\/strong>: En sistemas de frenos, piezas de suspensi\u00f3n y motores, donde se requiere una alta resistencia al desgaste y a la temperatura.<\/li> <li style=\"text-align: justify;\"><strong>Aeron\u00e1utica<\/strong>: Para piezas sometidas a altas cargas y temperaturas, como en sistemas de direcci\u00f3n y componentes estructurales de aeronaves.<\/li> <li> <p style=\"text-align: justify;\"><strong>Sistemas el\u00e9ctricos<\/strong>: El bronce-silicio tambi\u00e9n tiene buenas propiedades el\u00e9ctricas, por lo que se emplea en componentes de conexiones el\u00e9ctricas y en piezas que requieren conductividad sin perder durabilidad.<\/p> <\/li> <\/ul> <\/li><\/ul>\n<img loading=\"lazy\" src=\"https:\/\/jocecia.com\/portal\/wp-content\/uploads\/2025\/01\/WhatsApp-Image-2025-01-28-at-15.40.10-400x376.jpeg\" width=\"400\" height=\"376\" title=\"WhatsApp Image 2025-01-28 at 15.40.10\" alt=\"WhatsApp Image 2025-01-28 at 15.40.10\" srcset=\"https:\/\/jocecia.com\/portal\/wp-content\/uploads\/2025\/01\/WhatsApp-Image-2025-01-28-at-15.40.10-400x376.jpeg 400w, https:\/\/jocecia.com\/portal\/wp-content\/uploads\/2025\/01\/WhatsApp-Image-2025-01-28-at-15.40.10-300x282.jpeg 300w, https:\/\/jocecia.com\/portal\/wp-content\/uploads\/2025\/01\/WhatsApp-Image-2025-01-28-at-15.40.10-250x235.jpeg 250w, https:\/\/jocecia.com\/portal\/wp-content\/uploads\/2025\/01\/WhatsApp-Image-2025-01-28-at-15.40.10-191x180.jpeg 191w, https:\/\/jocecia.com\/portal\/wp-content\/uploads\/2025\/01\/WhatsApp-Image-2025-01-28-at-15.40.10-319x300.jpeg 319w, https:\/\/jocecia.com\/portal\/wp-content\/uploads\/2025\/01\/WhatsApp-Image-2025-01-28-at-15.40.10-532x500.jpeg 532w, https:\/\/jocecia.com\/portal\/wp-content\/uploads\/2025\/01\/WhatsApp-Image-2025-01-28-at-15.40.10-600x564.jpeg 600w, https:\/\/jocecia.com\/portal\/wp-content\/uploads\/2025\/01\/WhatsApp-Image-2025-01-28-at-15.40.10.jpeg 537w\" sizes=\"(max-width: 400px) 100vw, 400px\" \/>","_links":{"self":[{"href":"https:\/\/jocecia.com\/portal\/wp-json\/wp\/v2\/pages\/2739"}],"collection":[{"href":"https:\/\/jocecia.com\/portal\/wp-json\/wp\/v2\/pages"}],"about":[{"href":"https:\/\/jocecia.com\/portal\/wp-json\/wp\/v2\/types\/page"}],"author":[{"embeddable":true,"href":"https:\/\/jocecia.com\/portal\/wp-json\/wp\/v2\/users\/3"}],"replies":[{"embeddable":true,"href":"https:\/\/jocecia.com\/portal\/wp-json\/wp\/v2\/comments?post=2739"}],"version-history":[{"count":30,"href":"https:\/\/jocecia.com\/portal\/wp-json\/wp\/v2\/pages\/2739\/revisions"}],"predecessor-version":[{"id":3483,"href":"https:\/\/jocecia.com\/portal\/wp-json\/wp\/v2\/pages\/2739\/revisions\/3483"}],"wp:attachment":[{"href":"https:\/\/jocecia.com\/portal\/wp-json\/wp\/v2\/media?parent=2739"}],"curies":[{"name":"wp","href":"https:\/\/api.w.org\/{rel}","templated":true}]}}